{"id":14540,"date":"2024-05-13T15:15:34","date_gmt":"2024-05-13T13:15:34","guid":{"rendered":"https:\/\/proni.hr\/godisnja-izvjesca\/"},"modified":"2024-07-03T12:47:14","modified_gmt":"2024-07-03T10:47:14","slug":"godisnja-izvjesca","status":"publish","type":"page","link":"https:\/\/proni.hr\/en\/godisnja-izvjesca\/","title":{"rendered":"Annual reports"},"content":{"rendered":"<h4>Rezultati na\u0161eg rada u obliku godi\u0161njih izvje\u0161\u0107a<\/h4>\n<p><strong>Download:<\/strong><\/p>\n<p><span style=\"font-size: 24px;\">2008:<\/span> <a href=\"https:\/\/proni.hr\/wp-content\/uploads\/2024\/05\/2008.pps\">Godi\u0161nje izvje\u0161\u0107e za 2008. godinu<\/a> (Power point prezentacija, 1 MB)<\/p>\n<p><span style=\"font-size: 24px;\">2009:<\/span> <a href=\"https:\/\/proni.hr\/wp-content\/uploads\/2024\/05\/2009.pps\">Godi\u0161nje izvje\u0161\u0107e za 2009. godinu<\/a> (Power point prezentacija, 6 MB)<\/p>\n<p><span style=\"font-size: 24px;\">2010:<\/span> <a href=\"https:\/\/proni.hr\/wp-content\/uploads\/2024\/05\/2010.pdf\">Godi\u0161nje izvje\u0161\u0107e za 2010. godinu<\/a> (PDF, 7 MB)<\/p>\n<p><span style=\"font-size: 24px;\">2011:<\/span> <a href=\"https:\/\/proni.hr\/wp-content\/uploads\/2024\/05\/Godisnji-izvjestaj-2011.pdf\">Godi\u0161nje izvje\u0161\u0107e za 2011. godinu<\/a> (PDF, 3.39 MB)<\/p>\n<p><span style=\"font-size: 24px;\">2012:<\/span> <a href=\"https:\/\/proni.hr\/wp-content\/uploads\/2024\/05\/godisnji_izvjestaj_2012.pdf\">Godi\u0161nje izvje\u0161\u0107e za 2012. godinu<\/a> (PDF, 1.10 MB<\/p>\n<p><span style=\"font-size: 24px;\">2013:<\/span> <a href=\"https:\/\/proni.hr\/wp-content\/uploads\/2024\/05\/i2013.pdf\">Godi\u0161nje izvje\u0161\u0107e za 2013. godinu<\/a> (PDF, 2.80 MB)<\/p>\n<p><span style=\"font-size: 24px;\">2014:<\/span> <a href=\"https:\/\/proni.hr\/wp-content\/uploads\/2024\/05\/Godisnjiizvjestaj2014.pdf\">Godi\u0161nje izvje\u0161\u0107e za 2014. godinu<\/a> (PDF, 6.66 MB)<\/p>\n<p><span style=\"font-size: 24px;\">2015:<\/span> <a href=\"https:\/\/proni.hr\/wp-content\/uploads\/2024\/05\/2015_godisnji-izvjestaj-o-radu.pdf\">Godi\u0161nje izvje\u0161\u0107e<\/a> (PDF, 1.43MB), <a href=\"https:\/\/proni.hr\/wp-content\/uploads\/2024\/05\/2015_financijski-izvjestaj.pdf\">Financijsko izvje\u0161\u0107e<\/a> (PDF, 2.38MB), <a href=\"https:\/\/proni.hr\/wp-content\/uploads\/2024\/05\/2015_Revizijsko-izvjesce.pdf\">Revizorsko izvje\u0161\u0107e<\/a> (PDF, 441KB)<\/p>\n<p><span style=\"font-size: 24px;\">2016:<\/span>\u00a0<a href=\"https:\/\/proni.hr\/wp-content\/uploads\/2024\/05\/Financijski-izvjestaj-za-2016.pdf\">Financijsko izvje\u0161\u0107e za 2016<\/a>\u00a0(PDF, 2,63MB), <a href=\"https:\/\/proni.hr\/wp-content\/uploads\/2024\/05\/Godisnji-izvjestaj-2016.pdf\">Godi\u0161nje izvje\u0161\u0107e za 2016.<\/a> (PDF, 1MB)<\/p>\n<p><span style=\"font-size: 24px;\">2017:<\/span>\u00a0<a href=\"https:\/\/proni.hr\/wp-content\/uploads\/2024\/05\/Financijski-izvjestaj-za-2017.g.pdf\">Financijsko izvje\u0161\u0107e za 2017<\/a> (PDF, 2,77MB), <a href=\"https:\/\/proni.hr\/wp-content\/uploads\/2024\/05\/Godisnji-izvjestaj-2017.pdf\">Godi\u0161nje izvje\u0161\u0107e za 2017.<\/a> (PDF, 1.69MB)<\/p>\n<p><span style=\"font-size: 24px;\">2018:<\/span>\u00a0<a href=\"https:\/\/proni.hr\/wp-content\/uploads\/2024\/05\/Financijsko-izvjesce-za-2018.pdf\">Financijsko izvje\u0161\u0107e za 2018<\/a> (PDF, 1,99MB), <a href=\"https:\/\/proni.hr\/wp-content\/uploads\/2024\/05\/Godisnji-izvjestaj-2018.pdf\">Godi\u0161nje izvje\u0161\u0107e za 2018.<\/a> (PDF, 2,01MB), <a href=\"https:\/\/proni.hr\/wp-content\/uploads\/2024\/05\/Revizijski-uvid-za-2018.pdf\">Revizorsko izvje\u0161\u0107e<\/a> (PDF, 463KB)<\/p>\n<p><span style=\"font-size: 24px;\">2019:<\/span>\u00a0<a href=\"https:\/\/proni.hr\/wp-content\/uploads\/2024\/05\/Financijski-izvjestaj-za-2019.pdf\">Financijsko izvje\u0161\u0107e za 2019<\/a>\u00a0(PDF, 2,83MB), <a href=\"https:\/\/proni.hr\/wp-content\/uploads\/2024\/05\/Godisnji-izvjestaj-2019-i-projekti.pdf\">Godi\u0161nje izvje\u0161\u0107e za 2019.<\/a> (PDF, 2,00MB)<\/p>\n<p><span style=\"font-size: 24px;\">2020:<\/span>\u00a0<a href=\"https:\/\/proni.hr\/wp-content\/uploads\/2024\/05\/Financijski-izvjestaj-za-2020.pdf\">Financijsko izvje\u0161\u0107e za 2020<\/a>\u00a0(PDF, 2.68MB), <a href=\"https:\/\/proni.hr\/wp-content\/uploads\/2024\/05\/infografika-PRONI-izvjestaj2020.pdf\">Info grafika o 2020.g.<\/a>\u00a0(PDF, 545KB), <a href=\"https:\/\/proni.hr\/wp-content\/uploads\/2024\/05\/Godisnji-izvjestaj-2020.pdf\">Godi\u0161nje izvje\u0161\u0107e za 2020.<\/a> (PDF, 2.9MB)<\/p>\n<p><span style=\"font-size: 24px;\">2021:<\/span>\u00a0<a href=\"https:\/\/proni.hr\/wp-content\/uploads\/2024\/05\/Financijski-izvjestaj-za-2021.pdf\">Financijsko izvje\u0161\u0107e za 2021<\/a>\u00a0(PDF, 2.61MB),\u00a0<a href=\"https:\/\/proni.hr\/wp-content\/uploads\/2024\/05\/Operativni-plan-za-2022_compressed.pdf\">Operativni plan za 2022<\/a>\u00a0(PDF, 5MB);\u00a0<a href=\"https:\/\/proni.hr\/wp-content\/uploads\/2024\/05\/Financijski-plan-za-2022.pdf\">Financijski plan za 2022<\/a>\u00a0(PDF, 246KB);\u00a0<a href=\"https:\/\/proni.hr\/wp-content\/uploads\/2024\/05\/Godisnji-izvjestaj-2021_web.pdf\">Godi\u0161nje izvje\u0161\u0107e za 2021<\/a>\u00a0(PDF, 2.8MB)<\/p>\n<p><span style=\"font-size: 24px;\">2022:<\/span>\u00a0<a href=\"https:\/\/proni.hr\/wp-content\/uploads\/2024\/05\/Financijski-izvjestaj-za-2022.pdf\">Financijsko izvje\u0161\u0107e za 2022<\/a>\u00a0(PDF, 1.45MB),\u00a0<a href=\"https:\/\/proni.hr\/wp-content\/uploads\/2024\/05\/Operativni-plan_2023.pdf\">Operativni plan za 2023<\/a>\u00a0(PDF, 0.5MB);\u00a0<a href=\"https:\/\/proni.hr\/wp-content\/uploads\/2024\/05\/Financijski-plan-za-2023.pdf\">Financijski plan za 2023<\/a>\u00a0(PDF, 100KB);\u00a0<a href=\"https:\/\/proni.hr\/wp-content\/uploads\/2024\/05\/infografika-IZVJESCE-2022.pdf\">Godi\u0161nje izvje\u0161\u0107e za 2022<\/a>\u00a0(PDF, 1.41MB)<\/p>\n<p><span style=\"font-size: 24px;\">2023:<\/span>\u00a0<a href=\"https:\/\/proni.hr\/wp-content\/uploads\/2024\/05\/Financijski-izvjestaj-za-2023.pdf\">Financijsko izvje\u0161\u0107e za 2023<\/a>\u00a0(PDF, 1.92MB),\u00a0<a href=\"https:\/\/proni.hr\/wp-content\/uploads\/2024\/05\/Operativni-plan-za-2024.pdf\">Operativni plan za 2024<\/a>\u00a0(PDF, 317KB);\u00a0<a href=\"https:\/\/proni.hr\/wp-content\/uploads\/2024\/05\/Financijski-plan-za-2024.pdf\">Financijski plan za 2024<\/a>\u00a0(PDF, 93KB);\u00a0<a href=\"https:\/\/proni.hr\/wp-content\/uploads\/2024\/05\/Godisnji-izvjestaj-2023.pdf\">Godi\u0161nje izvje\u0161\u0107e za 2023<\/a>\u00a0(PDF, 3.00MB)<\/p>\n","protected":false},"excerpt":{"rendered":"<p>Rezultati na\u0161eg rada u obliku godi\u0161njih izvje\u0161\u0107a Download: 2008: Godi\u0161nje izvje\u0161\u0107e za 2008. godinu (Power point prezentacija, 1 MB) 2009: Godi\u0161nje izvje\u0161\u0107e za 2009. godinu (Power point prezentacija, 6 MB) 2010: Godi\u0161nje izvje\u0161\u0107e za 2010. godinu (PDF, 7 MB) 2011: Godi\u0161nje izvje\u0161\u0107e za 2011. godinu (PDF, 3.39 MB) 2012: Godi\u0161nje izvje\u0161\u0107e za 2012. godinu (PDF, [&hellip;]<\/p>\n","protected":false},"author":3,"featured_media":0,"parent":0,"menu_order":0,"comment_status":"closed","ping_status":"closed","template":"","meta":{"cybocfi_hide_featured_image":"","footnotes":""},"class_list":["post-14540","page","type-page","status-publish","hentry"],"aioseo_notices":[],"_links":{"self":[{"href":"https:\/\/proni.hr\/en\/wp-json\/wp\/v2\/pages\/14540","targetHints":{"allow":["GET"]}}],"collection":[{"href":"https:\/\/proni.hr\/en\/wp-json\/wp\/v2\/pages"}],"about":[{"href":"https:\/\/proni.hr\/en\/wp-json\/wp\/v2\/types\/page"}],"author":[{"embeddable":true,"href":"https:\/\/proni.hr\/en\/wp-json\/wp\/v2\/users\/3"}],"replies":[{"embeddable":true,"href":"https:\/\/proni.hr\/en\/wp-json\/wp\/v2\/comments?post=14540"}],"version-history":[{"count":1,"href":"https:\/\/proni.hr\/en\/wp-json\/wp\/v2\/pages\/14540\/revisions"}],"predecessor-version":[{"id":14541,"href":"https:\/\/proni.hr\/en\/wp-json\/wp\/v2\/pages\/14540\/revisions\/14541"}],"wp:attachment":[{"href":"https:\/\/proni.hr\/en\/wp-json\/wp\/v2\/media?parent=14540"}],"curies":[{"name":"wp","href":"https:\/\/api.w.org\/{rel}","templated":true}]}}