{"id":10331,"date":"2024-06-27T11:24:46","date_gmt":"2024-06-27T11:24:46","guid":{"rendered":"https:\/\/proni.hr\/old.proni.hr\/?page_id=10331"},"modified":"2024-06-27T11:34:06","modified_gmt":"2024-06-27T11:34:06","slug":"izjava-o-zastiti-osobnih-podataka","status":"publish","type":"page","link":"https:\/\/proni.hr\/old.proni.hr\/izjava-o-zastiti-osobnih-podataka\/","title":{"rendered":"Izjava o za\u0161titi osobnih podataka"},"content":{"rendered":"<p><strong><a href=\"https:\/\/proni.hr\/old.proni.hr\/wp-content\/uploads\/2024\/06\/GDPR.png\"><img loading=\"lazy\" decoding=\"async\" class=\"size-medium wp-image-10334 alignleft\" src=\"https:\/\/proni.hr\/old.proni.hr\/wp-content\/uploads\/2024\/06\/GDPR-300x300.png\" alt=\"\" width=\"300\" height=\"300\" srcset=\"https:\/\/proni.hr\/old.proni.hr\/wp-content\/uploads\/2024\/06\/GDPR-300x300.png 300w, https:\/\/proni.hr\/old.proni.hr\/wp-content\/uploads\/2024\/06\/GDPR-150x150.png 150w, https:\/\/proni.hr\/old.proni.hr\/wp-content\/uploads\/2024\/06\/GDPR-66x66.png 66w, https:\/\/proni.hr\/old.proni.hr\/wp-content\/uploads\/2024\/06\/GDPR.png 350w\" sizes=\"(max-width: 300px) 100vw, 300px\" \/><\/a>Izjava o za\u0161titi osobnih podataka<\/strong><\/p>\n<p>Udruga PRONI Centar za socijalno podu\u010davanje, \u00a0(u daljnjem tekstu: Udruga) temeljem \u010dlanka 3. Zakona o za\u0161titi osobnih podataka (\u201eNarodne novine\u201d broj 103\/03, 118\/06, 41\/08, 130\/11 i 106\/12) (u daljnjem tekstu: Zakon) obveznik je Zakona te je du\u017ena nadzirati prikupljanje, obradu, kori\u0161tenje i za\u0161titu osobnih podataka svih fizi\u010dkih osoba \u010dije podatke uzima i koristi.<\/p>\n<p>Udruga je svjesna va\u017enosti za\u0161tite osobnih podataka i privatnosti svojih \u010dlanova i korisnika. Sukladno tome i Uredbi (EU) 2016\/679 o za\u0161titi pojedinaca u vezi s obradom osobnih podataka i o slobodnom kretanju takvih podataka, sastavili smo ovu Izjavu o za\u0161titi osobnih podataka kako bi transparentno prikazali za\u0161to prikupljamo i na koji na\u010din obra\u0111ujemo Va\u0161e osobne podatke te koja su pri tom Va\u0161a prava.<\/p>\n<p>Zbirka se odnosi na:<\/p>\n<ul>\n<li>sve osobe koje su ispunile pristupnicu o \u010dlanstvu neposredno s Udrugom<\/li>\n<li>sve osobe koje su sklopile ugovor o radu neposredno sa Udrugom kao poslodavcem<\/li>\n<li>sve osobe koje su sklopile ugovor o djelu ili autorski ugovor neposredno sa Udrugom kao poslodavcem<\/li>\n<li>na sve osobe koje su sklopile ugovor o volonterstvu neposredno sa Udrugom<\/li>\n<li>na sve suradnike, partnere, dionike javnih i sli\u010dnih doga\u0111aja Udruge a koji su dali svoj pristanak na prikupljanje podataka<\/li>\n<li>na korisnike unutar svakoga pojedinog projekta<\/li>\n<\/ul>\n<p>Uz prethodnu privolu, osobni podaci mogu se prikupljati, obra\u0111ivati i koristiti i za druge osobe koje dolaze u doticaj s radom Udruge<\/p>\n<p>Ove osobe imaju pravo u svako doba odustati od dane privole i zatra\u017eiti prestanak daljnje obrade njihovih podataka, osim ako se radi o obradi podataka u statisti\u010dke svrhe kada osobni podaci vi\u0161e ne omogu\u0107uju identifikaciju osobe na koju se odnose.<\/p>\n<p>Za osobe mla\u0111e od 16 godina privolu za obradu osobnih podatak daje roditelj ili skrbnik.<\/p>\n<p>Udruga vodi Zbirku osobnih podataka koja se sa\u010dinjava od:<\/p>\n<ul>\n<li>evidencije osobnih podataka o kadrovskoj evidenciji zaposlenih<\/li>\n<li>evidencije osobnih podataka o \u010dlanovima Udruge<\/li>\n<li>evidencije osobnih podataka o vanjskim suradnicima<\/li>\n<li>evidencije osobnih podataka o volonterima<\/li>\n<li>evidencije korisnika kojima je pru\u017eena usluga Udruge<\/li>\n<\/ul>\n<p>Zbirku i evidencije podataka mogu\u0107e je dodavati, mijenjati i brisati ovisno o potrebama poslovanja.<\/p>\n<p><strong>Voditelj zbirke podataka<\/strong><\/p>\n<p>Voditelj zbirke je PRONI Centar za socijalno podu\u010davanje, Kralja Zvonimira 15, 31000 Osijek, OIB:37211670724. Kontakt za sva pitanja vezano uz obradu i kori\u0161tenje Va\u0161ih osobnih podataka je: administracija@proni.hr ili na adresu PRONI Centar za socijalno podu\u010davanje, Kralja Zvonimira 15, 31000 Osijek.<\/p>\n<p><strong>Prikupljanje podataka<\/strong><\/p>\n<p>Va\u0161e osobne podatke prikupljamo i obra\u0111ujemo samo kada nam ih svojom voljom ustupite i to temeljem Va\u0161e suglasnosti (Privola) ili temeljem Zakonske obveze (npr. Zakon o udrugama).<\/p>\n<p>Podaci koje prikupljamo i obra\u0111ujemo:<\/p>\n<p>Osnovni podaci: ime i prezime, datum ro\u0111enja, OIB, \u00a0datum po\u010detka i kraja \u010dlanstva u udruzi te status \u010dlanstva,<\/p>\n<p>Dodatni podaci: adresa, adresa e-po\u0161te, broj telefona te informacije o uplati \u010dlanarine<\/p>\n<p>Prijave i prisutnost na doga\u0111anjima na kojima sudjelujemo ili koje organiziramo te fotografije i video zapisi sa istih.<\/p>\n<p><strong>Za\u0161tita i rok \u010duvanja Va\u0161ih podataka<\/strong><\/p>\n<p>Va\u0161i osobni podaci se \u010duvaju na siguran na\u010din u digitalnom obliku uz primjenu odgovaraju\u0107ih tehni\u010dkih i organizacijskih mjera za sprje\u010davanje neovla\u0161tenog pristupa, zlouporabe, otkrivanja, gubitka ili uni\u0161tenja osobnih podataka. Pristup va\u0161im podacima imaju Predsjednik i dopredsjednik udruge, izvr\u0161na direktorica i slu\u017ebenik za za\u0161titu osobnih podataka. Va\u0161i osobni podaci se ne obra\u0111uju u marketin\u0161ke svrhe i ne prenose tre\u0107im osobama bez va\u0161eg izri\u010ditog odobrenja. Sukladno Zakonu o udrugama, popis \u010dlanova uvijek je dostupan na uvid svim \u010dlanovima Udruge te nadle\u017enim tijelima na njihov zahtjev. Pri tom se prikazuju samo nu\u017eni podaci, odnosno: ime, prezime te datum pristupanja i prestanka \u010dlanstva u Udruzi. Va\u0161i osobni podaci \u010duvaju se cijelo vrijeme \u010dlanstva u Udruzi s time da:<\/p>\n<p>Osnovni podaci se \u010duvaju trajno sukladno Zakonu o udrugama.<\/p>\n<p>Dodatni podaci se bri\u0161u 5 godina nakon prestanka \u010dlanstva.<\/p>\n<p><strong>Va\u0161a prava vezano uz osobne podatke<\/strong><\/p>\n<p>Svjesni smo da su osobni podaci Va\u0161e vlasni\u0161tvo te u svakom trenutku, slanjem upita na administracija@proni.hr ili na adresu PRONI Centar za socijalno podu\u010davanje, Kralja Zvonimira 15, 31000 Osijek, mo\u017eete provjeriti obra\u0111ujemo li Va\u0161e osobne podatke te zatra\u017eiti njihov ispis. Istim putem mo\u017eete zatra\u017eiti njihov ispravak i nadopunu ako su neto\u010dni ili nepotpuni. U svakom trenutku mo\u017eete zatra\u017eiti brisanje Va\u0161ih podataka i povu\u0107i suglasnosti za njihovu obradu. Pri tom uzmite u obzir da za osnovne podatke ne postoji mogu\u0107nost trenuta\u010dnog brisanja obzirom na zakonske obveze arhiviranja. Isto tako imate pravo svoje podatke prenijeti i na drugog voditelja obrade. Ako smatrate da smo obradom Va\u0161ih podataka prekr\u0161ili propise o za\u0161titi podataka, svakako nam se javite kako bi razjasnili nedoumice i ispravili eventualne pogre\u0161ke. Osim toga, imate pravo ulo\u017eiti pritu\u017ebu hrvatskoj Agenciji za za\u0161titu podataka ili nadzornom tijelu EU-a.<\/p>\n","protected":false},"excerpt":{"rendered":"<p>Izjava o za\u0161titi osobnih podataka Udruga PRONI Centar za socijalno podu\u010davanje, \u00a0(u daljnjem tekstu: Udruga) temeljem \u010dlanka 3. Zakona o za\u0161titi osobnih podataka (\u201eNarodne novine\u201d broj 103\/03, 118\/06, 41\/08, 130\/11 i 106\/12) (u daljnjem tekstu: Zakon) obveznik je Zakona te je du\u017ena nadzirati prikupljanje, obradu, kori\u0161tenje i za\u0161titu osobnih podataka svih fizi\u010dkih osoba \u010dije podatke [&hellip;]<\/p>\n","protected":false},"author":2,"featured_media":0,"parent":0,"menu_order":0,"comment_status":"closed","ping_status":"closed","template":"","meta":{"footnotes":""},"_links":{"self":[{"href":"https:\/\/proni.hr\/old.proni.hr\/wp-json\/wp\/v2\/pages\/10331"}],"collection":[{"href":"https:\/\/proni.hr\/old.proni.hr\/wp-json\/wp\/v2\/pages"}],"about":[{"href":"https:\/\/proni.hr\/old.proni.hr\/wp-json\/wp\/v2\/types\/page"}],"author":[{"embeddable":true,"href":"https:\/\/proni.hr\/old.proni.hr\/wp-json\/wp\/v2\/users\/2"}],"replies":[{"embeddable":true,"href":"https:\/\/proni.hr\/old.proni.hr\/wp-json\/wp\/v2\/comments?post=10331"}],"version-history":[{"count":2,"href":"https:\/\/proni.hr\/old.proni.hr\/wp-json\/wp\/v2\/pages\/10331\/revisions"}],"predecessor-version":[{"id":10336,"href":"https:\/\/proni.hr\/old.proni.hr\/wp-json\/wp\/v2\/pages\/10331\/revisions\/10336"}],"wp:attachment":[{"href":"https:\/\/proni.hr\/old.proni.hr\/wp-json\/wp\/v2\/media?parent=10331"}],"curies":[{"name":"wp","href":"https:\/\/api.w.org\/{rel}","templated":true}]}}