{"id":1206,"date":"2015-02-06T13:51:42","date_gmt":"2015-02-06T13:51:42","guid":{"rendered":"http:\/\/proni.hr\/?page_id=1206"},"modified":"2024-03-26T10:09:29","modified_gmt":"2024-03-26T10:09:29","slug":"godisnja-izvjesca","status":"publish","type":"page","link":"https:\/\/proni.hr\/old.proni.hr\/godisnja-izvjesca\/","title":{"rendered":"Godi\u0161nja izvje\u0161\u0107a"},"content":{"rendered":"\n<p>Rezultati na\u0161eg rada u obliku godi\u0161njih izvje\u0161\u0107a<\/p>\n\n\n\n<p>Download:<\/p>\n\n\n\n<p><a href=\"https:\/\/proni.hr\/old.proni.hr\/wp-content\/uploads\/2015\/02\/2008.pps\" target=\"_blank\" rel=\"noopener noreferrer\">Godi\u0161nje izvje\u0161\u0107e za 2008. godinu (Power point prezentacija, 1 MB)<\/a><br><a href=\"https:\/\/proni.hr\/old.proni.hr\/wp-content\/uploads\/2015\/02\/2009.pps\" target=\"_blank\" rel=\"noopener noreferrer\">Godi\u0161nje izvje\u0161\u0107e za 2009. godinu (Power point prezentacija, 6 MB)<\/a><br><a href=\"https:\/\/proni.hr\/old.proni.hr\/wp-content\/uploads\/2015\/02\/2010.pdf\" target=\"_blank\" rel=\"noopener noreferrer\">Godi\u0161nje izvje\u0161\u0107e za 2010. godinu (PDF, 7 MB)<\/a><br><a href=\"https:\/\/proni.hr\/old.proni.hr\/wp-content\/uploads\/2015\/02\/Godisnji-izvjestaj-2011.pdf\" target=\"_blank\" rel=\"noopener noreferrer\">Godi\u0161nje izvje\u0161\u0107e za 2011. godinu (PDF, 3.39 MB)<\/a><br><a href=\"https:\/\/proni.hr\/old.proni.hr\/wp-content\/uploads\/2015\/02\/godisnji_izvjestaj_2012.pdf\" target=\"_blank\" rel=\"noopener noreferrer\">Godi\u0161nje izvje\u0161\u0107e za 2012. godinu (PDF, 1.10 MB)<\/a><br><a title=\"Godi\u0161nji izvje\u0161taj za 2014. godinu\" href=\"https:\/\/proni.hr\/old.proni.hr\/wp-content\/uploads\/2015\/02\/i2013.pdf\">Godi\u0161nje izvje\u0161\u0107e za 2013. godinu (PDF, 2.80 MB)<\/a><\/p>\n\n\n\n<p><a title=\"Godi\u0161nji izvje\u0161taj za 2014. godinu\" href=\"https:\/\/proni.hr\/old.proni.hr\/wp-content\/uploads\/2015\/02\/Godisnjiizvjestaj2014.pdf\">Godi\u0161nje izvje\u0161\u0107e za 2014. godinu (PDF, 6.66 MB)<\/a><\/p>\n\n\n\n<p>2015: <a href=\"https:\/\/proni.hr\/old.proni.hr\/wp-content\/uploads\/2017\/01\/2015_godisnji-izvjestaj-o-radu.pdf\">godi\u0161nje izvje\u0161\u0107e (PDF, 1.43MB)<\/a>, <a href=\"https:\/\/proni.hr\/old.proni.hr\/wp-content\/uploads\/2017\/01\/2015_financijski-izvjestaj.pdf\">financijsko izvje\u0161\u0107e (PDF, 2.38MB)<\/a>, <a href=\"https:\/\/proni.hr\/old.proni.hr\/wp-content\/uploads\/2017\/01\/2015_Revizijsko-izvjesce.pdf\">revizorsko izvje\u0161\u0107e (PDF, 441KB)<\/a><\/p>\n\n\n\n<p>2016: <a href=\"https:\/\/proni.hr\/old.proni.hr\/wp-content\/uploads\/2015\/02\/Financijski-izvjestaj-za-2016.pdf\" target=\"_blank\" rel=\"attachment noopener wp-att-3764 noreferrer\">Financijsko izvje\u0161\u0107e za 2016<\/a> (PDF, 2,63MB),<a href=\"https:\/\/proni.hr\/old.proni.hr\/wp-content\/uploads\/2017\/11\/Godisnji-izvjestaj-2016.pdf\"> godi\u0161nje izvje\u0161\u0107e za 2016. (PDF, 1MB)<\/a><\/p>\n\n\n\n<p>2017: <a href=\"https:\/\/proni.hr\/old.proni.hr\/wp-content\/uploads\/2018\/06\/Financijski-izvje\u0161taj-za-2017.g.pdf\">Financijsko izvje\u0161\u0107e za 2017<\/a> (PDF, 2,77MB), <a href=\"https:\/\/proni.hr\/old.proni.hr\/wp-content\/uploads\/2018\/07\/Godisnji-izvjestaj-2017.pdf\">godi\u0161nje izvje\u0161\u0107e za 2017. (PDF, 1.69MB)<\/a><\/p>\n\n\n\n<p>2018: <a href=\"https:\/\/proni.hr\/old.proni.hr\/wp-content\/uploads\/2015\/02\/Financijsko-izvje\u0161\u0107e-za-2018.pdf\">Financijsko izvje\u0161\u0107e za 2018<\/a> (PDF, 1,99MB), <a href=\"https:\/\/proni.hr\/old.proni.hr\/wp-content\/uploads\/2015\/02\/Godisnji-izvjestaj-2018.pdf\">godi\u0161nje izvje\u0161\u0107e za 2018. (PDF, 2,01MB), <\/a><a href=\"https:\/\/proni.hr\/old.proni.hr\/wp-content\/uploads\/2019\/09\/Revizijski-uvid-za-2018.pdf\">revizorsko izvje\u0161\u0107e (PDF, 463KB)<\/a><\/p>\n\n\n\n<p>2019: <a href=\"https:\/\/proni.hr\/old.proni.hr\/wp-content\/uploads\/2020\/07\/Financijski-izvje\u0161taj-za-2019.pdf\">Financijsko izvje\u0161\u0107e za 2019<\/a> (PDF, 2,83MB), <a href=\"https:\/\/proni.hr\/old.proni.hr\/wp-content\/uploads\/2020\/10\/Godisnji-izvjestaj-2019-i-projekti.pdf\">godi\u0161nje izvje\u0161\u0107e za 2019. (PDF, 2,00MB)<\/a><\/p>\n\n\n\n<p>2020: <a href=\"https:\/\/proni.hr\/old.proni.hr\/wp-content\/uploads\/2021\/02\/Financijski-izvje\u0161taj-za-2020.pdf\">Financijsko izvje\u0161\u0107e za 2020<\/a> (PDF, 2.68MB), <a href=\"https:\/\/proni.hr\/old.proni.hr\/wp-content\/uploads\/2021\/03\/infografika-PRONI-izvje\u0161taj2020.pdf\" target=\"_blank\" rel=\"noopener noreferrer\">info grafika o 2020.g.<\/a> (PDF, 545KB), <a href=\"https:\/\/proni.hr\/old.proni.hr\/wp-content\/uploads\/2021\/09\/Godisnji-izvjestaj-2020.pdf\">godi\u0161nje izvje\u0161\u0107e za 2020. (PDF, 2.9MB)<\/a><\/p>\n\n\n\n<p>2021: <a href=\"https:\/\/proni.hr\/old.proni.hr\/wp-content\/uploads\/2022\/03\/Financijski-izvjestaj-za-2021.pdf\">Financijsko izvje\u0161\u0107e za 2021<\/a> (PDF, 2.61MB), <a href=\"https:\/\/proni.hr\/old.proni.hr\/wp-content\/uploads\/2021\/12\/Operativni-plan-za-2022.pdf\">Operativni plan za 2022<\/a> (PDF, 5MB); <a href=\"https:\/\/proni.hr\/old.proni.hr\/wp-content\/uploads\/2021\/12\/Financijski-plan-za-2022.pdf\">Financijski plan za 2022<\/a> (PDF, 246KB); <a href=\"https:\/\/proni.hr\/old.proni.hr\/wp-content\/uploads\/2022\/03\/Godisnji-izvjestaj-2021_web.pdf\">Godi\u0161nje izvje\u0161\u0107e za 2021<\/a> (PDF, 2.8MB)<\/p>\n\n\n\n<p>2022: <a href=\"https:\/\/proni.hr\/old.proni.hr\/wp-content\/uploads\/2023\/02\/Financijski-izvjestaj-za-2022.pdf\">Financijsko izvje\u0161\u0107e za 2022<\/a> (PDF, 1.45MB), <a href=\"https:\/\/proni.hr\/old.proni.hr\/wp-content\/uploads\/2023\/03\/Operativni-plan_2023.pdf\">Operativni plan za 2023 <\/a>(PDF, 0.5MB); <a href=\"https:\/\/proni.hr\/old.proni.hr\/wp-content\/uploads\/2023\/01\/Financijski-plan-za-2023.pdf\">Financijski plan za 2023<\/a> (PDF, 100KB); <a href=\"https:\/\/proni.hr\/old.proni.hr\/wp-content\/uploads\/2023\/03\/infografika-IZVJESCE-2022.pdf\">Godi\u0161nje izvje\u0161\u0107e za 2022<\/a> (PDF, 1.41MB)<\/p>\n\n\n\n<p>2023: <a href=\"https:\/\/proni.hr\/old.proni.hr\/wp-content\/uploads\/2024\/03\/Financijski-izvjestaj-za-2023.pdf\">Financijsko izvje\u0161\u0107e za 2023<\/a> (PDF, 1.92MB), <a href=\"https:\/\/proni.hr\/old.proni.hr\/wp-content\/uploads\/2024\/03\/Operativni-plan-za-2024.pdf\" data-type=\"URL\" data-id=\"https:\/\/proni.hr\/old.proni.hr\/wp-content\/uploads\/2024\/03\/Operativni-plan-za-2024.pdf\">Operativni plan za 2024<\/a> (PDF, 317KB); <a href=\"https:\/\/proni.hr\/old.proni.hr\/wp-content\/uploads\/2024\/03\/Financijski-plan-za-2024.pdf\" data-type=\"URL\" data-id=\"https:\/\/proni.hr\/old.proni.hr\/wp-content\/uploads\/2024\/03\/Financijski-plan-za-2024.pdf\">Financijski plan za 2024 <\/a>(PDF, 93KB); <a href=\"https:\/\/proni.hr\/old.proni.hr\/wp-content\/uploads\/2024\/03\/Godisnji-izvjestaj-2023.pdf\" data-type=\"URL\" data-id=\"https:\/\/proni.hr\/old.proni.hr\/wp-content\/uploads\/2024\/03\/Godisnji-izvjestaj-2023.pdf\">Godi\u0161nje izvje\u0161\u0107e za 2023<\/a> (PDF, 3.00MB)<\/p>\n\n\n\n<p><\/p>\n","protected":false},"excerpt":{"rendered":"<p>Rezultati na\u0161eg rada u obliku godi\u0161njih izvje\u0161\u0107a Download: Godi\u0161nje izvje\u0161\u0107e za 2008. godinu (Power point prezentacija, 1 MB)Godi\u0161nje izvje\u0161\u0107e za 2009. godinu (Power point prezentacija, 6 MB)Godi\u0161nje izvje\u0161\u0107e za 2010. godinu (PDF, 7 MB)Godi\u0161nje izvje\u0161\u0107e za 2011. godinu (PDF, 3.39 MB)Godi\u0161nje izvje\u0161\u0107e za 2012. godinu (PDF, 1.10 MB)Godi\u0161nje izvje\u0161\u0107e za 2013. godinu (PDF, 2.80 MB) [&hellip;]<\/p>\n","protected":false},"author":5,"featured_media":0,"parent":0,"menu_order":0,"comment_status":"closed","ping_status":"open","template":"","meta":{"footnotes":""},"_links":{"self":[{"href":"https:\/\/proni.hr\/old.proni.hr\/wp-json\/wp\/v2\/pages\/1206"}],"collection":[{"href":"https:\/\/proni.hr\/old.proni.hr\/wp-json\/wp\/v2\/pages"}],"about":[{"href":"https:\/\/proni.hr\/old.proni.hr\/wp-json\/wp\/v2\/types\/page"}],"author":[{"embeddable":true,"href":"https:\/\/proni.hr\/old.proni.hr\/wp-json\/wp\/v2\/users\/5"}],"replies":[{"embeddable":true,"href":"https:\/\/proni.hr\/old.proni.hr\/wp-json\/wp\/v2\/comments?post=1206"}],"version-history":[{"count":60,"href":"https:\/\/proni.hr\/old.proni.hr\/wp-json\/wp\/v2\/pages\/1206\/revisions"}],"predecessor-version":[{"id":10006,"href":"https:\/\/proni.hr\/old.proni.hr\/wp-json\/wp\/v2\/pages\/1206\/revisions\/10006"}],"wp:attachment":[{"href":"https:\/\/proni.hr\/old.proni.hr\/wp-json\/wp\/v2\/media?parent=1206"}],"curies":[{"name":"wp","href":"https:\/\/api.w.org\/{rel}","templated":true}]}}