{"id":1290,"date":"2015-02-08T18:06:55","date_gmt":"2015-02-08T18:06:55","guid":{"rendered":"http:\/\/proni.hr\/?page_id=1290"},"modified":"2024-07-12T08:16:30","modified_gmt":"2024-07-12T08:16:30","slug":"trening-centar-pirovac","status":"publish","type":"page","link":"https:\/\/proni.hr\/old.proni.hr\/trening-centar-pirovac\/","title":{"rendered":"Trening centar Pirovac"},"content":{"rendered":"\r\n<p>&nbsp;<\/p>\r\n\r\n<p><img decoding=\"async\" class=\"alignright\" src=\"https:\/\/proni.hr\/old.proni.hr\/wp-content\/uploads\/2015\/02\/IMG_2276.jpg\" \/>PRONI Centar za socijalno podu\u010davanje ima podru\u017enicu u Pirovcu (\u0160ibensko-kninska \u017eupanija), gdje raspola\u017ee kompletno opremljenim uredom i Trening centrom, na adresi Don Balda Vijali\u0107a 11.<\/p>\r\n<p>Centar je mogu\u0107e unajmiti od strane razli\u010ditih grupa poput udruga, institucija te drugih u svrhu organiziranja seminara, treninga, strate\u0161kih planiranja, pa \u010dak i odmora, razvoja tima.<\/p>\r\n<p>Centar je u potpunosti opremljen te mo\u017ee ugostiti\u00a0 <strong>28 osoba.<\/strong> Be\u017ei\u010dni internet je dostupan u cijelom Centru i mo\u017ee podnijeti digitalni rad tolike skupine.c<\/p>\r\n<p>Povr\u0161ina Centra od 243,66 m2, sastoji se od 2 eta\u017ee, te klimatizirane i potpuno opremljene predavaonice (65m2) u potkrovlju, s izlazom na prostranu terasu.<\/p>\r\n<p>Na dvije eta\u017ee ure\u0111ene su 4 \u0161esterokrevetne i 2 dvokrevetne sobe, kuhinja, blagovaona. Svaka eta\u017ea ima dijeljenu kupaonu, s vi\u0161e tu\u0161eva i WC-a. Sobe, kao i svaka eta\u017ea zaklju\u010davaju se putem \u0161ifrarnika. Prizemna eta\u017ea koja se sastoji od kuhinje, blagovaonice, dvije \u0161esterokrevetne sobe, te wc i dva odvojena tu\u0161a, prilago\u0111ena je osobama s invaliditetom. Na raspolaganju su rampa i kolica.<\/p>\r\n<p>U dvori\u0161tu se nalazi vanjski tu\u0161, mjesta za sjedenje te parkirna mjesta.<\/p>\r\n<p>Pla\u017ea je udaljena pribli\u017eno 200 m.<\/p>\r\n<p>Grupe (ve\u0107e od 10 osoba), \u00a0imaju prednost pri \u00a0rezervaciji,\u00a0 a za ljetne mjesece rezervaciju treba izvr\u0161iti do 15.06. teku\u0107e godine.<\/p>\r\n<p><em><strong>Cijena za grupe:<\/strong><\/em><\/p>\r\n<p>23 eur po osobi po danu + 1,80 eur turisti\u010dka taksa.<\/p>\r\n<p>Posteljina, ru\u010dnici za tijelo, te oprema za pripremu hrane i opremljeni prostor za rad su uklju\u010deni u cijenu, kao i parking u dvori\u0161tu za 5 do 6 automobila. Hrana i potro\u0161ni radni materijal nisu uklju\u010deni u cijenu.<\/p>\r\n<p><em><strong>Cijena za \u010dlanove PRONI Centra:<\/strong><\/em><\/p>\r\n<p><em>\u010clanovi PRONI Centra mogu rezervacije vr\u0161iti nakon 15.06. teku\u0107e godine za nepopunjene termine tijekom srpnja i kolovoza.<\/em><\/p>\r\n<p><em>Najam \u0161esterokrevetne sobe iznosi 50 eur po danu, plus 1,80 eur turisti\u010dka taksa po osobi po danu.<\/em><\/p>\r\n<p><em>Najam dvokrevetne sobe iznosi 30 eur po danu, plus 1,80 eur turisti\u010dka taksa po osobi po danu.<\/em><\/p>\r\n<p>Ve\u0161eraj nije dostupan, kao niti posteljina i ru\u010dnici za individualna iznajmljivanja te je potrebno ponijeti sa sobom vlastite.<\/p>\r\n<p><strong><em>Napomena:<\/em><\/strong><\/p>\r\n<p>Zbog boravka skupina ljudi koje se sastoje od pojedinaca s razli\u010ditim zdravstvenim pote\u0161ko\u0107ama ne mo\u017eemo primiti ku\u0107ne ljubimce.<\/p>\r\n<p>Sukladno Zakonu o kori\u0161tenju psa pomaga\u010da i odredbama istog, terapijskim i psima pomaga\u010dima je omogu\u0107en pristup i boravak.<\/p>\r\n<p>Kako izgleda centar pogledaj <a href=\"https:\/\/proni.hr\/old.proni.hr\/proni-centar-za-seminare-pirovac\/\">ovdje.<\/a><\/p>\r\n<p><strong>Rezervacije:<\/strong><\/p>\r\n<table style=\"height: 393px;\" border=\"1\" width=\"100%\" cellspacing=\"1\" cellpadding=\"1\" bgcolor=\"#ffffff\">\r\n<tbody>\r\n<tr style=\"height: 45px;\">\r\n<td style=\"text-align: center; height: 45px; width: 18.0952%;\"><em><strong>Period boravka (od\/do)<\/strong><\/em><\/td>\r\n<td style=\"text-align: center; height: 45px; width: 42.2619%;\"><em><strong>Ime organizacije\/grupe\/osobe koja boravi<\/strong><\/em><\/td>\r\n<td style=\"text-align: center; height: 45px; width: 15.7143%;\"><em><strong>Boravak<\/strong><\/em><\/td>\r\n<td style=\"text-align: center; height: 45px; width: 10.9524%;\"><strong><em>Broj osoba<\/em><\/strong><\/td>\r\n<td style=\"text-align: center; height: 45px; width: 12.7381%;\"><em><strong>Broj no\u0107enja<\/strong><\/em><\/td>\r\n<\/tr>\r\n<tr style=\"height: 45px;\">\r\n<td style=\"text-align: left; height: 16px; width: 18.0952%;\">3.5.-9.5.2024.<\/td>\r\n<td style=\"text-align: left; height: 16px; width: 42.2619%;\">PRONI Centar<\/td>\r\n<td style=\"text-align: left; height: 16px; width: 15.7143%;\">Cijela ku\u0107a<\/td>\r\n<td style=\"text-align: right; height: 16px; width: 10.9524%;\">11<\/td>\r\n<td style=\"text-align: right; height: 16px; width: 12.7381%;\">22<\/td>\r\n<\/tr>\r\n<tr style=\"height: 45px;\">\r\n<td style=\"text-align: left; height: 25px; width: 18.0952%;\">14.6.-16.6.2024.<\/td>\r\n<td style=\"text-align: left; height: 25px; width: 42.2619%;\">PRONI Centar<\/td>\r\n<td style=\"text-align: left; height: 25px; width: 15.7143%;\">Cijela ku\u0107a<\/td>\r\n<td style=\"text-align: right; height: 25px; width: 10.9524%;\">11<\/td>\r\n<td style=\"text-align: right; height: 25px; width: 12.7381%;\">22<\/td>\r\n<\/tr>\r\n<tr style=\"height: 24px;\">\r\n<td style=\"text-align: left; height: 24px; width: 18.0952%;\">19.6.-1.7.2024.<\/td>\r\n<td style=\"text-align: left; height: 24px; width: 42.2619%;\">PRONI Centar<\/td>\r\n<td style=\"text-align: left; height: 24px; width: 15.7143%;\">Cijela ku\u0107a<\/td>\r\n<td style=\"text-align: right; height: 24px; width: 10.9524%;\">28<\/td>\r\n<td style=\"text-align: right; height: 24px; width: 12.7381%;\">280<\/td>\r\n<\/tr>\r\n<tr style=\"height: 24px;\">\r\n<td style=\"height: 10px; width: 18.0952%;\">3.7.-10.7.2024.<\/td>\r\n<td style=\"height: 10px; width: 42.2619%;\">PRONI Centar<\/td>\r\n<td style=\"height: 10px; width: 15.7143%;\">Cijela ku\u0107a<\/td>\r\n<td style=\"text-align: right; height: 10px; width: 10.9524%;\">26<\/td>\r\n<td style=\"text-align: right; height: 10px; width: 12.7381%;\">182<\/td>\r\n<\/tr>\r\n<tr style=\"height: 24px;\">\r\n<td style=\"text-align: left; height: 24px; width: 18.0952%;\">18.7.-25.7.2024.<\/td>\r\n<td style=\"text-align: left; height: 24px; width: 42.2619%;\">ZR<\/td>\r\n<td style=\"text-align: left; height: 24px; width: 15.7143%;\">2 x dvokrevetna<\/td>\r\n<td style=\"text-align: right; height: 24px; width: 10.9524%;\">4<\/td>\r\n<td style=\"text-align: right; height: 24px; width: 12.7381%;\">28<\/td>\r\n<\/tr>\r\n<tr style=\"height: 25px;\">\r\n<td style=\"text-align: left; height: 25px; width: 18.0952%;\">21.7.-2.8.2024.<\/td>\r\n<td style=\"text-align: left; height: 25px; width: 42.2619%;\">DB<\/td>\r\n<td style=\"text-align: left; height: 25px; width: 15.7143%;\">Dole desno<\/td>\r\n<td style=\"text-align: right; height: 25px; width: 10.9524%;\">3<\/td>\r\n<td style=\"text-align: right; height: 25px; width: 12.7381%;\">36<\/td>\r\n<\/tr>\r\n<tr style=\"height: 24px;\">\r\n<td style=\"text-align: left; height: 24px; width: 18.0952%;\">21.7.-31.7.2024.<\/td>\r\n<td style=\"text-align: left; height: 24px; width: 42.2619%;\">BK<\/td>\r\n<td style=\"text-align: left; height: 24px; width: 15.7143%;\">Dole lijevo<\/td>\r\n<td style=\"text-align: right; height: 24px; width: 10.9524%;\">3<\/td>\r\n<td style=\"text-align: right; height: 24px; width: 12.7381%;\">30<\/td>\r\n<\/tr>\r\n<tr style=\"height: 24px;\">\r\n<td style=\"text-align: left; height: 24px; width: 18.0952%;\">27.7.-10.8.2024.<\/td>\r\n<td style=\"text-align: left; height: 24px; width: 42.2619%;\">SST<\/td>\r\n<td style=\"text-align: left; height: 24px; width: 15.7143%;\">Gore desno<\/td>\r\n<td style=\"text-align: right; height: 24px; width: 10.9524%;\">3<\/td>\r\n<td style=\"text-align: right; height: 24px; width: 12.7381%;\">42<\/td>\r\n<\/tr>\r\n<tr style=\"height: 24px;\">\r\n<td style=\"text-align: left; height: 24px; width: 18.0952%;\">22.7.-30.7.2024.<\/td>\r\n<td style=\"text-align: left; height: 24px; width: 42.2619%;\">DT<\/td>\r\n<td style=\"text-align: left; height: 24px; width: 15.7143%;\">Gore lijevo<\/td>\r\n<td style=\"text-align: right; height: 24px; width: 10.9524%;\">4<\/td>\r\n<td style=\"text-align: right; height: 24px; width: 12.7381%;\">32<\/td>\r\n<\/tr>\r\n<tr style=\"height: 24px;\">\r\n<td style=\"text-align: left; height: 24px; width: 18.0952%;\">29.7.-12.8.2024.<\/td>\r\n<td style=\"text-align: left; height: 24px; width: 42.2619%;\">GM<\/td>\r\n<td style=\"text-align: left; height: 24px; width: 15.7143%;\">2 x dvokrevetna<\/td>\r\n<td style=\"text-align: right; height: 24px; width: 10.9524%;\">3<\/td>\r\n<td style=\"text-align: right; height: 24px; width: 12.7381%;\">42<\/td>\r\n<\/tr>\r\n<tr style=\"height: 45px;\">\r\n<td style=\"text-align: left; height: 28px; width: 18.0952%;\">2.8.-12.8.2024.<\/td>\r\n<td style=\"text-align: left; height: 28px; width: 42.2619%;\">SS<\/td>\r\n<td style=\"text-align: left; height: 28px; width: 15.7143%;\">Dole desno i lijevo<\/td>\r\n<td style=\"text-align: right; height: 28px; width: 10.9524%;\">5<\/td>\r\n<td style=\"text-align: right; height: 28px; width: 12.7381%;\">50<\/td>\r\n<\/tr>\r\n<tr style=\"height: 45px;\">\r\n<td style=\"text-align: left; height: 13px; width: 18.0952%;\">17.8.-8.9.2024.<\/td>\r\n<td style=\"text-align: left; height: 13px; width: 42.2619%;\">PRONI Centar<\/td>\r\n<td style=\"text-align: left; height: 13px; width: 15.7143%;\">Cijela ku\u0107a<\/td>\r\n<td style=\"text-align: right; height: 13px; width: 10.9524%;\">22<\/td>\r\n<td style=\"text-align: right; height: 13px; width: 12.7381%;\">440<\/td>\r\n<\/tr>\r\n<tr style=\"height: 24px;\">\r\n<td style=\"text-align: left; height: 24px; width: 18.0952%;\">9.9.-22.9.2024.<\/td>\r\n<td style=\"text-align: left; height: 24px; width: 42.2619%;\">PRONI Centar<\/td>\r\n<td style=\"text-align: left; height: 24px; width: 15.7143%;\">Cijela ku\u0107a<\/td>\r\n<td style=\"text-align: right; height: 24px; width: 10.9524%;\">28<\/td>\r\n<td style=\"text-align: right; height: 24px; width: 12.7381%;\">280<\/td>\r\n<\/tr>\r\n<tr style=\"height: 24px;\">\r\n<td style=\"text-align: left; height: 24px; width: 18.0952%;\">23.9.-30.9.2024.<\/td>\r\n<td style=\"text-align: left; height: 24px; width: 42.2619%;\">PRONI Centar<\/td>\r\n<td style=\"text-align: left; height: 24px; width: 15.7143%;\">Cijela ku\u0107a<\/td>\r\n<td style=\"text-align: right; height: 24px; width: 10.9524%;\">26<\/td>\r\n<td style=\"text-align: right; height: 24px; width: 12.7381%;\">208<\/td>\r\n<\/tr>\r\n<\/tbody>\r\n<\/table>\r\n<p>Ukoliko trebate vi\u0161e informacija ili ste zainteresirani za boravak u Trening centru, molim vas kontaktirajte na\u0161 ured putem telefona +385 32 441-612 ili <a href=\"mailto:osijek@proni.hr\">e-mail<\/a>.<\/p>","protected":false},"excerpt":{"rendered":"<p>&nbsp; PRONI Centar za socijalno podu\u010davanje ima podru\u017enicu u Pirovcu (\u0160ibensko-kninska \u017eupanija), gdje raspola\u017ee kompletno opremljenim uredom i Trening centrom, na adresi Don Balda Vijali\u0107a 11. Centar je mogu\u0107e unajmiti od strane razli\u010ditih grupa poput udruga, institucija te drugih u svrhu organiziranja seminara, treninga, strate\u0161kih planiranja, pa \u010dak i odmora, razvoja tima. Centar je u [&hellip;]<\/p>\n","protected":false},"author":2,"featured_media":0,"parent":0,"menu_order":0,"comment_status":"closed","ping_status":"closed","template":"","meta":{"footnotes":""},"_links":{"self":[{"href":"https:\/\/proni.hr\/old.proni.hr\/wp-json\/wp\/v2\/pages\/1290"}],"collection":[{"href":"https:\/\/proni.hr\/old.proni.hr\/wp-json\/wp\/v2\/pages"}],"about":[{"href":"https:\/\/proni.hr\/old.proni.hr\/wp-json\/wp\/v2\/types\/page"}],"author":[{"embeddable":true,"href":"https:\/\/proni.hr\/old.proni.hr\/wp-json\/wp\/v2\/users\/2"}],"replies":[{"embeddable":true,"href":"https:\/\/proni.hr\/old.proni.hr\/wp-json\/wp\/v2\/comments?post=1290"}],"version-history":[{"count":173,"href":"https:\/\/proni.hr\/old.proni.hr\/wp-json\/wp\/v2\/pages\/1290\/revisions"}],"predecessor-version":[{"id":10360,"href":"https:\/\/proni.hr\/old.proni.hr\/wp-json\/wp\/v2\/pages\/1290\/revisions\/10360"}],"wp:attachment":[{"href":"https:\/\/proni.hr\/old.proni.hr\/wp-json\/wp\/v2\/media?parent=1290"}],"curies":[{"name":"wp","href":"https:\/\/api.w.org\/{rel}","templated":true}]}}