{"id":19,"date":"2014-12-17T20:12:32","date_gmt":"2014-12-17T20:12:32","guid":{"rendered":"http:\/\/proni.hr\/?page_id=19"},"modified":"2023-03-21T11:50:17","modified_gmt":"2023-03-21T11:50:17","slug":"proni-tim","status":"publish","type":"page","link":"https:\/\/proni.hr\/old.proni.hr\/proni-tim\/","title":{"rendered":"PRONI tim"},"content":{"rendered":"<div class=\"fusion-one-fourth one_fourth fusion-layout-column fusion-column spacing-yes\"><div class=\"fusion-column-wrapper\">\n<h2 style=\"text-align: left;\">Upravni odbor<\/h2>\n<p><strong>Snje\u017eana Baraba\u0161-Ser\u0161i\u0107<\/strong><br \/>\npredsjednica<\/p>\n<p><strong>Stela Macakanja Ba\u010di\u0107<\/strong><br \/>\n\u010dlanica<\/p>\n<p><strong>Slobodan Stojanovi\u0107<\/strong><br \/>\n\u010dlan<\/p>\n<p><strong>Damir Lajo\u0161<\/strong><br \/>\n\u010dlan<\/p>\n<p><strong>Nikica Torbica<\/strong><br \/>\n\u010dlan<\/p>\n<p><strong>Zorica Peri\u0107<\/strong><br \/>\n\u010dlanica<\/p>\n<p><strong>Ljubica Brigitte Niki\u0107<\/strong><br \/>\npredstavnica korisnika i volontera<\/div><\/div><div class=\"fusion-one-fourth one_fourth fusion-layout-column fusion-column spacing-yes\"><div class=\"fusion-column-wrapper\">\n<h2 style=\"text-align: left;\">Ured Osijek<\/h2>\n<p><strong>Sanja Vukovi\u0107<\/strong><br \/>\nizvr\u0161na direktorica<\/p>\n<p><strong>Irena Mikuli\u0107<\/strong><br \/>\nvoditeljica odjela obrazovanja<\/p>\n<p><strong>Mirjana Jozanovi\u0107<\/strong><br \/>\nvoditeljica RICM Osijek<\/p>\n<p><strong>Maja Kne\u017eevi\u0107<\/strong><br \/>\nasistentica voditeljice RICM Osijek<\/div><\/div><div class=\"fusion-one-fourth one_fourth fusion-layout-column fusion-column spacing-yes\"><div class=\"fusion-column-wrapper\">\n<h2 style=\"text-align: left;\">Ured Vukovar<\/h2>\n<p><strong>Goran Jeleni\u0107<\/strong><br \/>\nvoditelj odjela rada s mladima<\/p>\n<p><strong>Predrag Kova\u010devi\u0107<\/strong><br \/>\nadministrator<\/p>\n<p><strong>Karolina \u0160o\u0161 \u017divanovi\u0107<\/strong><br \/>\nvoditeljica ICM Vukovar<\/p>\n<\/div><\/div><div class=\"fusion-one-fourth one_fourth fusion-layout-column fusion-column last spacing-yes\"><div class=\"fusion-column-wrapper\">\n<h2 style=\"text-align: left;\"><\/h2>\n<\/div><\/div><div class=\"fusion-clearfix\"><\/div>\n","protected":false},"excerpt":{"rendered":"","protected":false},"author":5,"featured_media":0,"parent":0,"menu_order":0,"comment_status":"open","ping_status":"open","template":"","meta":{"footnotes":""},"_links":{"self":[{"href":"https:\/\/proni.hr\/old.proni.hr\/wp-json\/wp\/v2\/pages\/19"}],"collection":[{"href":"https:\/\/proni.hr\/old.proni.hr\/wp-json\/wp\/v2\/pages"}],"about":[{"href":"https:\/\/proni.hr\/old.proni.hr\/wp-json\/wp\/v2\/types\/page"}],"author":[{"embeddable":true,"href":"https:\/\/proni.hr\/old.proni.hr\/wp-json\/wp\/v2\/users\/5"}],"replies":[{"embeddable":true,"href":"https:\/\/proni.hr\/old.proni.hr\/wp-json\/wp\/v2\/comments?post=19"}],"version-history":[{"count":14,"href":"https:\/\/proni.hr\/old.proni.hr\/wp-json\/wp\/v2\/pages\/19\/revisions"}],"predecessor-version":[{"id":8752,"href":"https:\/\/proni.hr\/old.proni.hr\/wp-json\/wp\/v2\/pages\/19\/revisions\/8752"}],"wp:attachment":[{"href":"https:\/\/proni.hr\/old.proni.hr\/wp-json\/wp\/v2\/media?parent=19"}],"curies":[{"name":"wp","href":"https:\/\/api.w.org\/{rel}","templated":true}]}}