{"id":2,"date":"2014-12-17T19:30:23","date_gmt":"2014-12-17T19:30:23","guid":{"rendered":"http:\/\/proni.hr\/?page_id=2"},"modified":"2024-05-02T07:54:50","modified_gmt":"2024-05-02T07:54:50","slug":"naslovnica","status":"publish","type":"page","link":"https:\/\/proni.hr\/old.proni.hr\/","title":{"rendered":"Naslovnica"},"content":{"rendered":"<div class=\"fusion-fullwidth fullwidth-box\" style=\"background-attachment:scroll;background-position:left top;background-repeat:no-repeat;-webkit-background-size:cover;-moz-background-size:cover;-o-background-size:cover;background-size:cover;border-color:#eae9e9;border-bottom-width: 0px;border-top-width: 0px;border-bottom-style: solid;border-top-style: solid;padding-bottom:20px;padding-left:0px;padding-right:0px;padding-top:20px;\"><div class=\"avada-row\">\n<h2 style=\"padding-left: 20px; inline-block; background-color: #2a4251; color: #fff;\">VIJESTI<\/h2>\n<div class=\"fusion-recent-posts avada-container layout-default layout-columns-3\"><section class=\"fusion-columns columns fusion-columns-3 columns-3\" style=\"width:100%;\"><div class=\"row holder\"><div class=\"fusion-column column col col-lg-4 col-md-4 col-sm-4\"><div class=\"fusion-flexslider flexslider\"><ul class=\"slides\"><li><a href=\"https:\/\/proni.hr\/old.proni.hr\/shards-of-mosaic-erasmus-razmjena-mladih-u-ceskoj\/\"><img decoding=\"async\" src=\"https:\/\/proni.hr\/old.proni.hr\/wp-content\/uploads\/2024\/08\/naslovna-700x441.jpg\" alt=\"naslovna\"\/><\/a><\/li><\/ul><\/div><div class=\"recent-posts-content\"><h4 class=\"\"><a href=\"https:\/\/proni.hr\/old.proni.hr\/shards-of-mosaic-erasmus-razmjena-mladih-u-ceskoj\/\">\u201eShards of Mosaic\u201c \u2013 ERASMUS + razmjena mladih u \u010ce\u0161koj<\/a><\/h4><p class=\"meta\"><span><span class=\"date\">02. August 2024.<\/span><\/span><span class=\"meta-separator\">|<\/span><span><span>Comments Off<span class=\"screen-reader-text\"> on \u201eShards of Mosaic\u201c \u2013 ERASMUS + razmjena mladih u \u010ce\u0161koj<\/span><\/span><\/span><\/p><div class=\"excerpt-container strip-html\"><p>PRONI Centar za socijalno podu\u010davanje iz Hrvatske s jo\u0161 6 organizacija \u2013 iz \u0160panjolske, Portugala, Italije, Malte, Rumunjske, te doma\u0107ina EUROTEAM iz \u010ce\u0161ke Republike sudjeluje [&#8230;]<\/p>\n<\/div><\/div><\/div><div class=\"fusion-column column col col-lg-4 col-md-4 col-sm-4\"><div class=\"fusion-flexslider flexslider\"><ul class=\"slides\"><li><a href=\"https:\/\/proni.hr\/old.proni.hr\/poziv-na-razmjenu-mladih-boost-your-skills\/\"><img decoding=\"async\" src=\"https:\/\/proni.hr\/old.proni.hr\/wp-content\/uploads\/2024\/07\/najava-razmjene-mladih-1-700x441.png\" alt=\"najava razmjene mladih (1)\"\/><\/a><\/li><\/ul><\/div><div class=\"recent-posts-content\"><h4 class=\"\"><a href=\"https:\/\/proni.hr\/old.proni.hr\/poziv-na-razmjenu-mladih-boost-your-skills\/\">Poziv na razmjenu mladih &#8220;Boost your skills&#8221;<\/a><\/h4><p class=\"meta\"><span><span class=\"date\">26. July 2024.<\/span><\/span><span class=\"meta-separator\">|<\/span><span><span>Comments Off<span class=\"screen-reader-text\"> on Poziv na razmjenu mladih &#8220;Boost your skills&#8221;<\/span><\/span><\/span><\/p><div class=\"excerpt-container strip-html\"><p>\u017deli\u0161 ste\u0107i\u00a0\ud83c\udd92\ud83c\udd95\ud83c\udd93\u00a0kreativne i digitalne vje\u0161tine koje doprinose samozapo\u0161ljivosti mladih?\u00a0\ud83d\udcaf<\/p>\n<p>PRONI Centar za socijalno podu\u010davanje te poziva na razmjenu mladih i to, zamisli, na moru\u00a0\ud83c\udf0a\u00a0gdje ti je [&#8230;]<\/p>\n<\/div><\/div><\/div><div class=\"fusion-column column col col-lg-4 col-md-4 col-sm-4\"><div class=\"fusion-flexslider flexslider\"><ul class=\"slides\"><li><a href=\"https:\/\/proni.hr\/old.proni.hr\/strane-volonterke-proni-centra-sudjelovale-na-on-arrival-treningu-u-orahovici\/\"><img decoding=\"async\" src=\"https:\/\/proni.hr\/old.proni.hr\/wp-content\/uploads\/2024\/07\/3-1-700x441.png\" alt=\"3\"\/><\/a><\/li><\/ul><\/div><div class=\"recent-posts-content\"><h4 class=\"\"><a href=\"https:\/\/proni.hr\/old.proni.hr\/strane-volonterke-proni-centra-sudjelovale-na-on-arrival-treningu-u-orahovici\/\">Strane volonterke PRONI Centra sudjelovale na On arrival treningu u Orahovici<\/a><\/h4><p class=\"meta\"><span><span class=\"date\">24. July 2024.<\/span><\/span><span class=\"meta-separator\">|<\/span><span><span>Comments Off<span class=\"screen-reader-text\"> on Strane volonterke PRONI Centra sudjelovale na On arrival treningu u Orahovici<\/span><\/span><\/span><\/p><div class=\"excerpt-container strip-html\"><p>Sezen i Ecem, strane volonterke PRONI Centra u okviru programa Europske snage solidarnosti, imale su priliku sudjelovati na On arrival treningu u Orahovici od 15. [&#8230;]<\/p>\n<\/div><\/div><\/div><div class=\"fusion-clearfix\"><\/div><div class=\"fusion-column column col col-lg-4 col-md-4 col-sm-4\"><div class=\"fusion-flexslider flexslider\"><ul class=\"slides\"><li><a href=\"https:\/\/proni.hr\/old.proni.hr\/mladi-s-podrucja-osjecko-baranjske-zupanije-ukljucite-se-u-projekt-pokreni-sve\/\"><img decoding=\"async\" src=\"https:\/\/proni.hr\/old.proni.hr\/wp-content\/uploads\/2024\/07\/Pokreni-sve-Vizual-700x441.jpg\" alt=\"Pokreni s(v)e ! - Vizual\"\/><\/a><\/li><\/ul><\/div><div class=\"recent-posts-content\"><h4 class=\"\"><a href=\"https:\/\/proni.hr\/old.proni.hr\/mladi-s-podrucja-osjecko-baranjske-zupanije-ukljucite-se-u-projekt-pokreni-sve\/\">Mladi s podru\u010dja Osje\u010dko-baranjske \u017eupanije &#8211; uklju\u010dite se u projekt Pokreni s(v)e!<\/a><\/h4><p class=\"meta\"><span><span class=\"date\">19. July 2024.<\/span><\/span><span class=\"meta-separator\">|<\/span><span><span>Comments Off<span class=\"screen-reader-text\"> on Mladi s podru\u010dja Osje\u010dko-baranjske \u017eupanije &#8211; uklju\u010dite se u projekt Pokreni s(v)e!<\/span><\/span><\/span><\/p><div class=\"excerpt-container strip-html\"><p>Ne sumnjaj u svoju mo\u0107 i ne vjeruj kada ti ka\u017eu da mladi ne znaju i ne mogu! Pokreni sebe i inspiriraj i druge, postani [&#8230;]<\/p>\n<\/div><\/div><\/div><div class=\"fusion-column column col col-lg-4 col-md-4 col-sm-4\"><div class=\"fusion-flexslider flexslider\"><ul class=\"slides\"><li><a href=\"https:\/\/proni.hr\/old.proni.hr\/odrzan-pripremni-sastanak-u-osijeku\/\"><img decoding=\"async\" src=\"https:\/\/proni.hr\/old.proni.hr\/wp-content\/uploads\/2024\/07\/fd09e139-30b7-4200-ac01-6e3f55d312aa-700x441.jpeg\" alt=\"fd09e139-30b7-4200-ac01-6e3f55d312aa\"\/><\/a><\/li><\/ul><\/div><div class=\"recent-posts-content\"><h4 class=\"\"><a href=\"https:\/\/proni.hr\/old.proni.hr\/odrzan-pripremni-sastanak-u-osijeku\/\">Odr\u017ean pripremni sastanak u Osijeku<\/a><\/h4><p class=\"meta\"><span><span class=\"date\">18. July 2024.<\/span><\/span><span class=\"meta-separator\">|<\/span><span><span>Comments Off<span class=\"screen-reader-text\"> on Odr\u017ean pripremni sastanak u Osijeku<\/span><\/span><\/span><\/p><div class=\"excerpt-container strip-html\"><p>U Osijeku smo od 16. do 18. srpnja 2024. odr\u017eali pripremni sastanak vezano uz trening za osobe koje rade s mladima, a koji nam slijedi [&#8230;]<\/p>\n<\/div><\/div><\/div><div class=\"fusion-column column col col-lg-4 col-md-4 col-sm-4\"><div class=\"fusion-flexslider flexslider\"><ul class=\"slides\"><li><a href=\"https:\/\/proni.hr\/old.proni.hr\/seminar-za-uspostavu-kontakta-11-organizacija-iz-europe\/\"><img decoding=\"async\" src=\"https:\/\/proni.hr\/old.proni.hr\/wp-content\/uploads\/2024\/07\/20240706_091646-700x441.jpg\" alt=\"20240706_091646\"\/><\/a><\/li><\/ul><\/div><div class=\"recent-posts-content\"><h4 class=\"\"><a href=\"https:\/\/proni.hr\/old.proni.hr\/seminar-za-uspostavu-kontakta-11-organizacija-iz-europe\/\">Seminar za uspostavu kontakta 11 organizacija iz Europe<\/a><\/h4><p class=\"meta\"><span><span class=\"date\">16. July 2024.<\/span><\/span><span class=\"meta-separator\">|<\/span><span><span>Comments Off<span class=\"screen-reader-text\"> on Seminar za uspostavu kontakta 11 organizacija iz Europe<\/span><\/span><\/span><\/p><div class=\"excerpt-container strip-html\"><p>Seminar za uspostavu kontakta bio je razlog okupljanja 11 organizacija s podru\u010dja Europe u PRONI Trening centru u Pirovcu u razdoblju od 4. do 9. [&#8230;]<\/p>\n<\/div><\/div><\/div><div class=\"fusion-clearfix\"><\/div><\/div><\/section><\/div><\/div><\/div><div class=\"fusion-one-half one_half fusion-layout-column fusion-column spacing-yes\"><div class=\"fusion-column-wrapper\">\n<h2 style=\"padding-left: 20px; inline-block; background-color: #2a4251; color: #fff;\">Projekti koji su u tijeku<\/h2>\n<div class=\"fusion-recent-works fusion-recent-works-1 layout-grid-with-excerpts portfolio portfolio-one portfolio-text portfolio-one-text\" data-columns=\"one\"><style type=\"text\/css\">.fusion-recent-works-1 .portfolio-wrapper .col-spacing{padding:6px;}<\/style><div class=\"portfolio-wrapper\" style=\"margin: -6px;\"><div class=\"portfolio-item portfolio-unboxed projekti-koji-su-u-tijeku  col-spacing\"><div class=\"portfolio-item-wrapper\"><div class=\"portfolio-content\"><h2 class=\"\"><a href=\"https:\/\/proni.hr\/old.proni.hr\/portfolio-items\/pokreni-sve\/\">Pokreni s(v)e!<\/a><\/h2><div class=\"excerpt-container strip-html\"><p>Projekt Pokreni s(v)e! se provodi na podru\u010dju Osje\u010dko-baranjske \u017eupanije, u partnerstvu s Dru\u0161tvom Crvenog kri\u017ea Osje\u010dko-baranjske \u017eupanije , unutar 13 mjeseci (1. lipnja 2024.-30. lipnja 2025.), a uklju\u010dit \u0107e mlade i donositelje odluka s ovog [&#8230;]<\/p>\n<\/div><\/div><\/div><\/div><div class=\"portfolio-item portfolio-unboxed projekti-koji-su-u-tijeku projekti-koji-su-u-tijeku  col-spacing\"><div class=\"portfolio-item-wrapper\"><div class=\"portfolio-content\"><h2 class=\"\"><a href=\"https:\/\/proni.hr\/old.proni.hr\/portfolio-items\/projekt-euvizija\/\">Projekt EUvizija<\/a><\/h2><div class=\"excerpt-container strip-html\"><p>Projekt EUvizija provodit \u0107e se u razdoblju 01.09.2023.-31.10.2024. na podru\u010dju OB\u017d i VS\u017d, konkretno u mjestima Babina Greda, Bebrina, Stari Mikanovci, Vrpolje, Levanjska Varo\u0161, Petrijevci, Kne\u017eevi Vinogradi, Darda, Dalj, Negoslavci i Osijek. Projekt je financiran [&#8230;]<\/p>\n<\/div><\/div><\/div><\/div><div class=\"portfolio-item portfolio-unboxed projekti-koji-su-u-tijeku  col-spacing\"><div class=\"portfolio-item-wrapper\"><div class=\"portfolio-content\"><h2 class=\"\"><a href=\"https:\/\/proni.hr\/old.proni.hr\/portfolio-items\/moja-inkluzivna-zajednica-2\/\">Moja inkluzivna zajednica<\/a><\/h2><div class=\"excerpt-container strip-html\"><p>Projekt &#8220;Moja inkluzivna zajednica&#8221;\u00a0 kojeg \u0107e u suradnji s odgojno-obrazovnom ustanovom s podru\u010dja grada Vukovara &#8211; O\u0160 Josipa Mato\u0161a Vukovar provoditi PRONI Centar, ima za cilj unaprijediti zdravlje i socijalnu za\u0161titu djece i mladih s [&#8230;]<\/p>\n<\/div><\/div><\/div><\/div><\/div><\/div><div class=\"fusion-sep-clear\"><\/div><div class=\"fusion-separator fusion-full-width-sep sep-single\" style=\"border-color:#e0dede;margin-top:px;margin-bottom:10px;\"><\/div>\n<p style=\"text-align: center;\"><a title=\"Projekti koji su u tijeku\" href=\"https:\/\/proni.hr\/old.proni.hr\/projekti-koji-su-u-tijeku\/\">Vi\u0161e projekta<\/a><\/p>\n<\/div><\/div><div class=\"fusion-one-half one_half fusion-layout-column fusion-column last spacing-yes\"><div class=\"fusion-column-wrapper\">\n<h2 style=\"padding-left: 20px; inline-block; background-color: #2a4251; color: #fff;\">Projekti koji su iza nas<\/h2>\n<div class=\"fusion-recent-works fusion-recent-works-2 layout-grid-with-excerpts portfolio portfolio-one portfolio-text portfolio-one-text\" data-columns=\"one\"><style type=\"text\/css\">.fusion-recent-works-2 .portfolio-wrapper .col-spacing{padding:6px;}<\/style><div class=\"portfolio-wrapper\" style=\"margin: -6px;\"><div class=\"portfolio-item portfolio-unboxed projekti-koji-su-iza-nas  col-spacing\"><div class=\"portfolio-item-wrapper\"><div class=\"portfolio-content\"><h2 class=\"\"><a href=\"https:\/\/proni.hr\/old.proni.hr\/portfolio-items\/zajedno-bolji\/\">Zajedno bolji<\/a><\/h2><div class=\"excerpt-container strip-html\"><p>Projekt \u201eZajedno bolji\u201c doprinosi suzbijanju i sprje\u010davanju pojave ovisnosti me\u0111u djecom i mladima te rizi\u010dnog pona\u0161anja djece i mladih vezanog uz eksperimentiranje sa sredstvima ovisnosti. Ideja projekta je suvremena i prilago\u0111ena adolescentima te se razlikuje [&#8230;]<\/p>\n<\/div><\/div><\/div><\/div><div class=\"portfolio-item portfolio-unboxed projekti-koji-su-iza-nas  col-spacing\"><div class=\"portfolio-item-wrapper\"><div class=\"portfolio-content\"><h2 class=\"\"><a href=\"https:\/\/proni.hr\/old.proni.hr\/portfolio-items\/u-informiranju-je-snaga\/\">U informiranju je snaga<\/a><\/h2><div class=\"excerpt-container strip-html\"><p>Projekt U informiranju je snaga doprinosi pove\u0107anju u\u010dinkovitost i sposobnost OCD-a na podru\u010dju grada Vukovara u pru\u017eanju usluga informiranja i savjetovanja mladih kroz razvoj kvalitete rada temeljenog na me\u0111usektorskom umre\u017eavanju, sinergijskom djelovanju i kapacitiranju djelatnika, [&#8230;]<\/p>\n<\/div><\/div><\/div><\/div><div class=\"portfolio-item portfolio-unboxed projekti-koji-su-iza-nas  col-spacing\"><div class=\"portfolio-item-wrapper\"><div class=\"portfolio-content\"><h2 class=\"\"><a href=\"https:\/\/proni.hr\/old.proni.hr\/portfolio-items\/reci-ne\/\">Reci &#8220;NE&#8221;<\/a><\/h2><div class=\"excerpt-container strip-html\"><p>Provedbom projekta Reci \u201eNE\u201c promovira se zdravlje i prevencija u odnosu na ovisnosti o drogama, alkoholu, duhanskim proizvodima te kockanju uz primjenu modernih tehnologija, podi\u017ee svijest gra\u0111ana Starih Mikanovaca o brizi za vlastito zdravstveno stanje [&#8230;]<\/p>\n<\/div><\/div><\/div><\/div><\/div><\/div><div class=\"fusion-sep-clear\"><\/div><div class=\"fusion-separator fusion-full-width-sep sep-single\" style=\"border-color:#e0dede;margin-top:px;margin-bottom:10px;\"><\/div>\n<p style=\"text-align: center;\"><a title=\"Projekti koji su iza nas\" href=\"https:\/\/proni.hr\/old.proni.hr\/projekti-koji-su-iza-nas\/\">Vi\u0161e projekata<\/a><\/p>\n<\/div><\/div><div class=\"fusion-clearfix\"><\/div>\n<h2 style=\"padding-left: 20px; inline-block; background-color: #2a4251; color: #fff;\">Donatori:<\/h2>\n<table style=\"width: 99.3103%; height: 290px;\">\n<tbody>\n<tr>\n<td style=\"width: 19.3103%; text-align: center; vertical-align: top;\"><a href=\"http:\/\/www.strukturnifondovi.hr\"><img loading=\"lazy\" decoding=\"async\" class=\"alignnone size-full wp-image-4322\" src=\"https:\/\/proni.hr\/old.proni.hr\/wp-content\/uploads\/2017\/06\/EU.jpg\" alt=\"\" width=\"174\" height=\"139\" srcset=\"https:\/\/proni.hr\/old.proni.hr\/wp-content\/uploads\/2017\/06\/EU.jpg 174w, https:\/\/proni.hr\/old.proni.hr\/wp-content\/uploads\/2017\/06\/EU-147x118.jpg 147w\" sizes=\"(max-width: 174px) 100vw, 174px\" \/><\/a><\/td>\n<td style=\"width: 33.1644%; vertical-align: top; text-align: center;\" colspan=\"2\"><a href=\"https:\/\/zaklada.civilnodrustvo.hr\/\"><img loading=\"lazy\" decoding=\"async\" class=\"alignnone wp-image-6175\" src=\"https:\/\/proni.hr\/old.proni.hr\/wp-content\/uploads\/2021\/02\/NZ-logo-300x218.jpg\" alt=\"\" width=\"146\" height=\"106\" srcset=\"https:\/\/proni.hr\/old.proni.hr\/wp-content\/uploads\/2021\/02\/NZ-logo-300x218.jpg 300w, https:\/\/proni.hr\/old.proni.hr\/wp-content\/uploads\/2021\/02\/NZ-logo-220x161.jpg 220w, https:\/\/proni.hr\/old.proni.hr\/wp-content\/uploads\/2021\/02\/NZ-logo.jpg 640w\" sizes=\"(max-width: 146px) 100vw, 146px\" \/><\/a><\/td>\n<td style=\"width: 18.7105%; vertical-align: top;\"><a href=\"http:\/\/www.mobilnost.hr\/\" target=\"_blank\" rel=\"noopener noreferrer\"><img loading=\"lazy\" decoding=\"async\" class=\"wp-image-1895 alignleft\" src=\"https:\/\/proni.hr\/old.proni.hr\/wp-content\/uploads\/2015\/02\/logo_mladi1.jpg\" alt=\"logo_mladi\" width=\"86\" height=\"109\" \/><\/a><\/td>\n<td style=\"width: 15.4549%; text-align: center; vertical-align: top;\"><a href=\"http:\/\/www.vukovar.hr\" target=\"_blank\" rel=\"attachment noopener wp-att-2943 noreferrer\"><img loading=\"lazy\" decoding=\"async\" class=\"aligncenter wp-image-2943\" src=\"https:\/\/proni.hr\/old.proni.hr\/wp-content\/uploads\/2014\/12\/grvu.jpg\" alt=\"grvu\" width=\"82\" height=\"102\" \/><\/a><br \/>\nGrad Vukovar<\/td>\n<\/tr>\n<tr>\n<td style=\"width: 27.8576%; text-align: center;\" colspan=\"2\"><a href=\"https:\/\/proni.hr\/old.proni.hr\/wp-content\/uploads\/2024\/01\/demografija_logo.jpg\"><img loading=\"lazy\" decoding=\"async\" class=\"alignnone wp-image-9908\" src=\"https:\/\/proni.hr\/old.proni.hr\/wp-content\/uploads\/2024\/01\/demografija_logo-300x85.jpg\" alt=\"\" width=\"251\" height=\"71\" srcset=\"https:\/\/proni.hr\/old.proni.hr\/wp-content\/uploads\/2024\/01\/demografija_logo-300x85.jpg 300w, https:\/\/proni.hr\/old.proni.hr\/wp-content\/uploads\/2024\/01\/demografija_logo.jpg 564w\" sizes=\"(max-width: 251px) 100vw, 251px\" \/><\/a><\/td>\n<td style=\"width: 24.6171%;\"><a href=\"https:\/\/proni.hr\/old.proni.hr\/wp-content\/uploads\/2023\/09\/uredzaudruge_logo.jpg\"><img loading=\"lazy\" decoding=\"async\" class=\"alignnone size-full wp-image-9547\" src=\"https:\/\/proni.hr\/old.proni.hr\/wp-content\/uploads\/2023\/09\/uredzaudruge_logo.jpg\" alt=\"\" width=\"297\" height=\"211\" \/><\/a><\/td>\n<td style=\"width: 34.1654%;\" colspan=\"2\"><a href=\"https:\/\/proni.hr\/old.proni.hr\/wp-content\/uploads\/2023\/05\/mrms-logo.png\"><img loading=\"lazy\" decoding=\"async\" class=\"alignnone wp-image-9107\" src=\"https:\/\/proni.hr\/old.proni.hr\/wp-content\/uploads\/2023\/05\/mrms-logo-300x53.png\" alt=\"\" width=\"311\" height=\"55\" srcset=\"https:\/\/proni.hr\/old.proni.hr\/wp-content\/uploads\/2023\/05\/mrms-logo-300x53.png 300w, https:\/\/proni.hr\/old.proni.hr\/wp-content\/uploads\/2023\/05\/mrms-logo.png 410w\" sizes=\"(max-width: 311px) 100vw, 311px\" \/><\/a><\/td>\n<\/tr>\n<tr>\n<td style=\"width: 19.3103%; text-align: center;\"><\/td>\n<td style=\"width: 8.54727%;\"><\/td>\n<td style=\"width: 24.6171%;\"><\/td>\n<td style=\"width: 18.7105%;\"><\/td>\n<td style=\"width: 15.4549%; text-align: center;\"><\/td>\n<\/tr>\n<\/tbody>\n<\/table>\n\n<h2 style=\"padding-left: 20px; inline-block; background-color: #2a4251; color: #fff;\">Partneri:<\/h2>\n<table style=\"width: 100%;\">\n<tbody>\n<tr style=\"height: 202px;\">\n<td style=\"width: 100px; height: 202px;\"><a href=\"https:\/\/www.dkolektiv.hr\/public\/hr\" data-wp-editing=\"1\"><img loading=\"lazy\" decoding=\"async\" class=\"alignnone size-full wp-image-6546\" src=\"https:\/\/proni.hr\/old.proni.hr\/wp-content\/uploads\/2021\/09\/dkolektiv.png\" alt=\"\" width=\"309\" height=\"163\" srcset=\"https:\/\/proni.hr\/old.proni.hr\/wp-content\/uploads\/2021\/09\/dkolektiv.png 309w, https:\/\/proni.hr\/old.proni.hr\/wp-content\/uploads\/2021\/09\/dkolektiv-300x158.png 300w\" sizes=\"(max-width: 309px) 100vw, 309px\" \/><\/a><\/td>\n<td style=\"width: 100px; text-align: center; height: 202px;\"><a href=\"http:\/\/ne-ovisnost.hr\" target=\"_blank\" rel=\"attachment noopener wp-att-5490 noreferrer\"><img loading=\"lazy\" decoding=\"async\" class=\"alignnone wp-image-5490\" src=\"https:\/\/proni.hr\/old.proni.hr\/wp-content\/uploads\/2014\/12\/neovisnost.jpg\" alt=\"neovisnost\" width=\"153\" height=\"101\" srcset=\"https:\/\/proni.hr\/old.proni.hr\/wp-content\/uploads\/2014\/12\/neovisnost.jpg 277w, https:\/\/proni.hr\/old.proni.hr\/wp-content\/uploads\/2014\/12\/neovisnost-244x160.jpg 244w\" sizes=\"(max-width: 153px) 100vw, 153px\" \/><\/a><\/td>\n<td style=\"width: 100px; height: 202px;\"><a href=\"http:\/\/www.roda.hr\/\" target=\"_blank\" rel=\"attachment noopener wp-att-5492 noreferrer\"><img loading=\"lazy\" decoding=\"async\" class=\"alignnone size-full wp-image-5492\" src=\"https:\/\/proni.hr\/old.proni.hr\/wp-content\/uploads\/2014\/12\/roda.png\" alt=\"roda\" width=\"275\" height=\"183\" srcset=\"https:\/\/proni.hr\/old.proni.hr\/wp-content\/uploads\/2014\/12\/roda.png 275w, https:\/\/proni.hr\/old.proni.hr\/wp-content\/uploads\/2014\/12\/roda-240x160.png 240w\" sizes=\"(max-width: 275px) 100vw, 275px\" \/><\/a><\/td>\n<td style=\"width: 100px; text-align: center; height: 202px;\"><a href=\"https:\/\/pucko-uciliste.hr\/\"><img loading=\"lazy\" decoding=\"async\" class=\"alignnone size-full wp-image-6536\" src=\"https:\/\/proni.hr\/old.proni.hr\/wp-content\/uploads\/2021\/09\/pouo_logo_black.png\" alt=\"\" width=\"260\" height=\"56\" \/><\/a><\/td>\n<\/tr>\n<tr style=\"height: 171px;\">\n<td style=\"width: 100px; text-align: center; height: 171px;\"><a href=\"https:\/\/www.hzz.hr\/?hr\"><img loading=\"lazy\" decoding=\"async\" class=\"alignnone wp-image-6509\" src=\"https:\/\/proni.hr\/old.proni.hr\/wp-content\/uploads\/2021\/09\/logo-HZZ.jpg\" alt=\"\" width=\"151\" height=\"151\" srcset=\"https:\/\/proni.hr\/old.proni.hr\/wp-content\/uploads\/2021\/09\/logo-HZZ.jpg 1024w, https:\/\/proni.hr\/old.proni.hr\/wp-content\/uploads\/2021\/09\/logo-HZZ-300x300.jpg 300w, https:\/\/proni.hr\/old.proni.hr\/wp-content\/uploads\/2021\/09\/logo-HZZ-150x150.jpg 150w, https:\/\/proni.hr\/old.proni.hr\/wp-content\/uploads\/2021\/09\/logo-HZZ-768x768.jpg 768w, https:\/\/proni.hr\/old.proni.hr\/wp-content\/uploads\/2021\/09\/logo-HZZ-66x66.jpg 66w\" sizes=\"(max-width: 151px) 100vw, 151px\" \/><\/a><\/td>\n<td style=\"text-align: center; height: 171px;\"><a href=\"http:\/\/www.mobilnost.hr\/hr\/sadrzaj\/sudjelovanje\/mladi\/eurodesk\/\" target=\"_blank\" rel=\"attachment noopener wp-att-3428 noreferrer\"><img loading=\"lazy\" decoding=\"async\" class=\"alignnone size-full wp-image-3428\" src=\"https:\/\/proni.hr\/old.proni.hr\/wp-content\/uploads\/2014\/12\/eurodesk_hrvatska.jpg\" alt=\"eurodesk_hrvatska\" width=\"220\" height=\"57\" \/><br \/>\n<span style=\"color: #000080;\">PRONI Centar za socijalno podu\u010davanje je Eurodesk multiplikator<\/span><\/a><\/td>\n<td style=\"text-align: center; height: 171px;\"><a href=\"https:\/\/www.ndcosijek.hr\/\"><img loading=\"lazy\" decoding=\"async\" class=\"alignnone size-full wp-image-6542\" src=\"https:\/\/proni.hr\/old.proni.hr\/wp-content\/uploads\/2021\/09\/ndc.png\" alt=\"\" width=\"327\" height=\"110\" srcset=\"https:\/\/proni.hr\/old.proni.hr\/wp-content\/uploads\/2021\/09\/ndc.png 327w, https:\/\/proni.hr\/old.proni.hr\/wp-content\/uploads\/2021\/09\/ndc-300x101.png 300w\" sizes=\"(max-width: 327px) 100vw, 327px\" \/><\/a><\/td>\n<td style=\"height: 171px;\"><a href=\"https:\/\/www.ra-vsz.hr\/\"><img loading=\"lazy\" decoding=\"async\" class=\"wp-image-6541 aligncenter\" src=\"https:\/\/proni.hr\/old.proni.hr\/wp-content\/uploads\/2021\/09\/ra.png\" alt=\"\" width=\"174\" height=\"159\" \/><\/a><\/td>\n<\/tr>\n<tr style=\"height: 76px;\">\n<td style=\"width: 100px; text-align: center; height: 76px;\"><\/td>\n<td style=\"text-align: center; height: 76px;\"><a href=\"https:\/\/europa.eu\/youth\/EU_hr\" target=\"_blank\" rel=\"attachment noopener wp-att-3429 noreferrer\"><img loading=\"lazy\" decoding=\"async\" class=\"alignnone size-medium wp-image-3429\" src=\"https:\/\/proni.hr\/old.proni.hr\/wp-content\/uploads\/2014\/12\/eyp-300x35.jpg\" alt=\"eyp\" width=\"300\" height=\"35\" srcset=\"https:\/\/proni.hr\/old.proni.hr\/wp-content\/uploads\/2014\/12\/eyp.jpg 300w, https:\/\/proni.hr\/old.proni.hr\/wp-content\/uploads\/2014\/12\/eyp-280x33.jpg 280w\" sizes=\"(max-width: 300px) 100vw, 300px\" \/><\/a><\/td>\n<td style=\"text-align: center; height: 76px;\"><\/td>\n<td style=\"height: 76px;\"><\/td>\n<\/tr>\n<\/tbody>\n<\/table>\n\n","protected":false},"excerpt":{"rendered":"","protected":false},"author":5,"featured_media":0,"parent":0,"menu_order":0,"comment_status":"closed","ping_status":"closed","template":"","meta":{"footnotes":""},"_links":{"self":[{"href":"https:\/\/proni.hr\/old.proni.hr\/wp-json\/wp\/v2\/pages\/2"}],"collection":[{"href":"https:\/\/proni.hr\/old.proni.hr\/wp-json\/wp\/v2\/pages"}],"about":[{"href":"https:\/\/proni.hr\/old.proni.hr\/wp-json\/wp\/v2\/types\/page"}],"author":[{"embeddable":true,"href":"https:\/\/proni.hr\/old.proni.hr\/wp-json\/wp\/v2\/users\/5"}],"replies":[{"embeddable":true,"href":"https:\/\/proni.hr\/old.proni.hr\/wp-json\/wp\/v2\/comments?post=2"}],"version-history":[{"count":37,"href":"https:\/\/proni.hr\/old.proni.hr\/wp-json\/wp\/v2\/pages\/2\/revisions"}],"predecessor-version":[{"id":9913,"href":"https:\/\/proni.hr\/old.proni.hr\/wp-json\/wp\/v2\/pages\/2\/revisions\/9913"}],"wp:attachment":[{"href":"https:\/\/proni.hr\/old.proni.hr\/wp-json\/wp\/v2\/media?parent=2"}],"curies":[{"name":"wp","href":"https:\/\/api.w.org\/{rel}","templated":true}]}}