{"id":2018,"date":"2015-03-15T15:56:39","date_gmt":"2015-03-15T15:56:39","guid":{"rendered":"http:\/\/proni.hr\/?page_id=2018"},"modified":"2024-07-24T10:49:40","modified_gmt":"2024-07-24T10:49:40","slug":"download-zona","status":"publish","type":"page","link":"https:\/\/proni.hr\/old.proni.hr\/download-zona\/","title":{"rendered":"Download zona"},"content":{"rendered":"<table style=\"width: 100%; border-collapse: collapse;\" border=\"0\">\r\n<tbody>\r\n<tr style=\"height: 397px;\">\r\n<td style=\"width: 50%; height: 397px;\"><a href=\"https:\/\/proni.hr\/old.proni.hr\/wp-content\/uploads\/2024\/07\/naslovnica_preporuke.jpg\"><img loading=\"lazy\" decoding=\"async\" class=\"alignnone size-medium wp-image-10456\" src=\"https:\/\/proni.hr\/old.proni.hr\/wp-content\/uploads\/2024\/07\/naslovnica_preporuke-300x206.jpg\" alt=\"\" width=\"300\" height=\"206\" srcset=\"https:\/\/proni.hr\/old.proni.hr\/wp-content\/uploads\/2024\/07\/naslovnica_preporuke-300x206.jpg 300w, https:\/\/proni.hr\/old.proni.hr\/wp-content\/uploads\/2024\/07\/naslovnica_preporuke-768x529.jpg 768w, https:\/\/proni.hr\/old.proni.hr\/wp-content\/uploads\/2024\/07\/naslovnica_preporuke.jpg 972w\" sizes=\"(max-width: 300px) 100vw, 300px\" \/><\/a><\/td>\r\n<td style=\"width: 50%; height: 397px;\"><a href=\"https:\/\/proni.hr\/old.proni.hr\/wp-content\/uploads\/2024\/07\/Preporuke-za-jacanje-podrske-mentalnom-zdravlju-mladih.pdf\">Mladi, kako ste? &#8211; preporuke za ja\u010danje podr\u0161ke mentalnom zdravlju (PDF, 3.31MB)<\/a><\/td>\r\n<\/tr>\r\n<tr style=\"height: 397px;\">\r\n<td style=\"width: 50%; height: 397px;\">\r\n<h3 id=\"block-68a0e141-a6cc-4cf5-8793-862e7b412675\" class=\"block-editor-rich-text__editable block-editor-block-list__block wp-block has-text-align-left is-selected wp-block-heading rich-text\" tabindex=\"0\" role=\"group\" aria-multiline=\"true\" aria-label=\"Block: Heading\" data-block=\"68a0e141-a6cc-4cf5-8793-862e7b412675\" data-type=\"core\/heading\" data-title=\"Heading\"><img loading=\"lazy\" decoding=\"async\" class=\"alignleft size-full wp-image-6495\" src=\"https:\/\/proni.hr\/old.proni.hr\/wp-content\/uploads\/2023\/06\/bonton.jpg\" alt=\"\" width=\"247\" height=\"174\" \/><\/h3>\r\n<\/td>\r\n<td style=\"width: 50%; height: 397px;\">\r\n<h3 id=\"block-68a0e141-a6cc-4cf5-8793-862e7b412675\" class=\"block-editor-rich-text__editable block-editor-block-list__block wp-block has-text-align-left is-selected wp-block-heading rich-text\" tabindex=\"0\" role=\"group\" aria-multiline=\"true\" aria-label=\"Block: Heading\" data-block=\"68a0e141-a6cc-4cf5-8793-862e7b412675\" data-type=\"core\/heading\" data-title=\"Heading\"><a href=\"https:\/\/proni.hr\/old.proni.hr\/wp-content\/uploads\/2023\/06\/Bonton-u-krizi.pdf\" data-rich-text-format-boundary=\"true\">Bonton u krizi (PDF, 7.39MB)<\/a><\/h3>\r\n<\/td>\r\n<\/tr>\r\n<tr style=\"height: 407px;\">\r\n<td style=\"width: 50%; height: 407px;\">\r\n<h3 id=\"block-ff01c5b6-42a8-4ee4-adbd-7d82136655f9\" class=\"block-editor-rich-text__editable block-editor-block-list__block wp-block has-text-align-left is-selected wp-block-heading rich-text\" tabindex=\"0\" role=\"group\" aria-multiline=\"true\" aria-label=\"Block: Heading\" data-block=\"ff01c5b6-42a8-4ee4-adbd-7d82136655f9\" data-type=\"core\/heading\" data-title=\"Heading\"><img loading=\"lazy\" decoding=\"async\" class=\"alignleft size-full wp-image-6495\" src=\"https:\/\/proni.hr\/old.proni.hr\/wp-content\/uploads\/2023\/06\/protokol.jpg\" alt=\"\" width=\"247\" height=\"174\" \/><\/h3>\r\n<\/td>\r\n<td style=\"width: 50%; height: 407px;\">\r\n<h3 class=\"has-text-align-left wp-block-heading\"><a href=\"https:\/\/proni.hr\/old.proni.hr\/wp-content\/uploads\/2023\/06\/Protokol-o-postupanju-u-kriznim-situacijama.pdf\">Protokol o postupanju u kriznim situacijama (PDF, 6.1MB)<\/a><\/h3>\r\n<\/td>\r\n<\/tr>\r\n<tr style=\"height: 214px;\">\r\n<td style=\"width: 50%; height: 214px;\">\r\n<h3 id=\"block-7cabecf7-34b0-4c42-bc58-7ed04798b039\" class=\"block-editor-rich-text__editable block-editor-block-list__block wp-block has-text-align-left is-selected wp-block-heading rich-text\" tabindex=\"0\" role=\"group\" aria-multiline=\"true\" aria-label=\"Block: Heading\" data-block=\"7cabecf7-34b0-4c42-bc58-7ed04798b039\" data-type=\"core\/heading\" data-title=\"Heading\"><img loading=\"lazy\" decoding=\"async\" class=\"alignleft size-full wp-image-6495\" src=\"https:\/\/proni.hr\/old.proni.hr\/wp-content\/uploads\/2021\/08\/jszd.jpg\" alt=\"\" width=\"247\" height=\"174\" \/><\/h3>\r\n<\/td>\r\n<td style=\"width: 50%; height: 214px;\">\r\n<h3 id=\"block-7cabecf7-34b0-4c42-bc58-7ed04798b039\" class=\"block-editor-rich-text__editable block-editor-block-list__block wp-block has-text-align-left is-selected wp-block-heading rich-text\" tabindex=\"0\" role=\"group\" aria-multiline=\"true\" aria-label=\"Block: Heading\" data-block=\"7cabecf7-34b0-4c42-bc58-7ed04798b039\" data-type=\"core\/heading\" data-title=\"Heading\"><a href=\"https:\/\/proni.hr\/old.proni.hr\/wp-content\/uploads\/2020\/03\/Brosura-JA-SAM-ZA-DIJALOG.pdf\" data-rich-text-format-boundary=\"true\">Ja sam za dijalog (PDF, 5.9MB)<\/a><\/h3>\r\n<\/td>\r\n<\/tr>\r\n<tr style=\"height: 224px;\">\r\n<td style=\"width: 50%; height: 224px;\">\r\n<h3 id=\"block-ddcffbe7-7bca-4111-b6f5-53f8afab0ab3\" class=\"block-editor-rich-text__editable block-editor-block-list__block wp-block is-selected wp-block-heading rich-text\" tabindex=\"0\" role=\"group\" aria-multiline=\"true\" aria-label=\"Block: Heading\" data-block=\"ddcffbe7-7bca-4111-b6f5-53f8afab0ab3\" data-type=\"core\/heading\" data-title=\"Heading\"><img loading=\"lazy\" decoding=\"async\" class=\"alignleft size-full wp-image-6494\" src=\"https:\/\/proni.hr\/old.proni.hr\/wp-content\/uploads\/2021\/08\/NO.jpg\" alt=\"\" width=\"247\" height=\"184\" \/><\/h3>\r\n<\/td>\r\n<td style=\"width: 50%; height: 224px;\">\r\n<h3 id=\"block-ddcffbe7-7bca-4111-b6f5-53f8afab0ab3\" class=\"block-editor-rich-text__editable block-editor-block-list__block wp-block is-selected wp-block-heading rich-text\" tabindex=\"0\" role=\"group\" aria-multiline=\"true\" aria-label=\"Block: Heading\" data-block=\"ddcffbe7-7bca-4111-b6f5-53f8afab0ab3\" data-type=\"core\/heading\" data-title=\"Heading\"><a href=\"https:\/\/proni.hr\/old.proni.hr\/wp-content\/uploads\/2021\/07\/Priru\u010dnik-New-Opportunities.pdf\" data-rich-text-format-boundary=\"true\">Projekt &#8211; New Opportunities (PDF, 6MB)<\/a><\/h3>\r\n<\/td>\r\n<\/tr>\r\n<tr style=\"height: 194px;\">\r\n<td style=\"width: 50%; height: 194px;\">\r\n<h3 id=\"block-4c611b0d-f2ea-4637-8f48-b1ec7a71c966\" class=\"block-editor-rich-text__editable block-editor-block-list__block wp-block is-selected wp-block-heading rich-text\" tabindex=\"0\" role=\"group\" aria-multiline=\"true\" aria-label=\"Block: Heading\" data-block=\"4c611b0d-f2ea-4637-8f48-b1ec7a71c966\" data-type=\"core\/heading\" data-title=\"Heading\"><img loading=\"lazy\" decoding=\"async\" class=\"alignleft size-full wp-image-6493\" src=\"https:\/\/proni.hr\/old.proni.hr\/wp-content\/uploads\/2021\/08\/KT.jpg\" alt=\"\" width=\"247\" height=\"154\" \/><\/h3>\r\n<\/td>\r\n<td style=\"width: 50%; height: 194px;\">\r\n<h3 id=\"block-4c611b0d-f2ea-4637-8f48-b1ec7a71c966\" class=\"block-editor-rich-text__editable block-editor-block-list__block wp-block is-selected wp-block-heading rich-text\" tabindex=\"0\" role=\"group\" aria-multiline=\"true\" aria-label=\"Block: Heading\" data-block=\"4c611b0d-f2ea-4637-8f48-b1ec7a71c966\" data-type=\"core\/heading\" data-title=\"Heading\"><a href=\"https:\/\/proni.hr\/old.proni.hr\/wp-content\/uploads\/2021\/06\/Kuzim-te_-online-izlo\u017eba_bro\u0161ura_web.pdf\" data-rich-text-format-boundary=\"true\">Projekt &#8211; Ku\u017eim te! (PDF, 9MB)<\/a><\/h3>\r\n<\/td>\r\n<\/tr>\r\n<tr style=\"height: 23px;\">\r\n<td style=\"width: 50%; height: 23px;\">\r\n<h3 id=\"block-b94029ef-f587-4b69-b8e7-740ae56137a6\" class=\"block-editor-rich-text__editable block-editor-block-list__block wp-block is-selected wp-block-heading rich-text\" tabindex=\"0\" role=\"group\" aria-multiline=\"true\" aria-label=\"Block: Heading\" data-block=\"b94029ef-f587-4b69-b8e7-740ae56137a6\" data-type=\"core\/heading\" data-title=\"Heading\"><img loading=\"lazy\" decoding=\"async\" class=\"alignleft size-full wp-image-6492\" src=\"https:\/\/proni.hr\/old.proni.hr\/wp-content\/uploads\/2021\/08\/KZUU.jpg\" alt=\"\" width=\"247\" height=\"139\" \/><\/h3>\r\n<\/td>\r\n<td style=\"width: 50%; height: 23px;\">\r\n<h3 id=\"block-b94029ef-f587-4b69-b8e7-740ae56137a6\" class=\"block-editor-rich-text__editable block-editor-block-list__block wp-block is-selected wp-block-heading rich-text\" tabindex=\"0\" role=\"group\" aria-multiline=\"true\" aria-label=\"Block: Heading\" data-block=\"b94029ef-f587-4b69-b8e7-740ae56137a6\" data-type=\"core\/heading\" data-title=\"Heading\"><a href=\"https:\/\/proni.hr\/old.proni.hr\/wp-content\/uploads\/2020\/05\/Katalog-za-uspje\u0161ne-udruge-PRONI-2020.pdf\" data-rich-text-format-boundary=\"true\">Katalog za uspje\u0161ne udruge &#8211; PRONI &#8211; 2020 (PDF, 12MB)<\/a><\/h3>\r\n<\/td>\r\n<\/tr>\r\n<tr style=\"height: 23px;\">\r\n<td style=\"width: 50%; height: 23px;\">\r\n<h3 id=\"block-9f35fcd0-105f-422a-83e2-2bd26797ac4f\" class=\"block-editor-rich-text__editable block-editor-block-list__block wp-block is-selected wp-block-heading rich-text\" tabindex=\"0\" role=\"group\" contenteditable=\"true\" aria-multiline=\"true\" aria-label=\"Block: Heading\" data-block=\"9f35fcd0-105f-422a-83e2-2bd26797ac4f\" data-type=\"core\/heading\" data-title=\"Heading\"><img loading=\"lazy\" decoding=\"async\" class=\"alignleft size-full wp-image-6492\" src=\"https:\/\/proni.hr\/old.proni.hr\/wp-content\/uploads\/2022\/05\/brosura.jpg\" alt=\"\" width=\"247\" height=\"139\" \/><\/h3>\r\n<\/td>\r\n<td style=\"width: 50%; height: 23px;\">\r\n<h3 id=\"block-9f35fcd0-105f-422a-83e2-2bd26797ac4f\" class=\"block-editor-rich-text__editable block-editor-block-list__block wp-block is-selected wp-block-heading rich-text\" tabindex=\"0\" role=\"group\" contenteditable=\"true\" aria-multiline=\"true\" aria-label=\"Block: Heading\" data-block=\"9f35fcd0-105f-422a-83e2-2bd26797ac4f\" data-type=\"core\/heading\" data-title=\"Heading\"><a href=\"https:\/\/proni.hr\/old.proni.hr\/wp-content\/uploads\/2022\/05\/Vodic-7.sat_-1.pdf\" data-rich-text-format-boundary=\"true\">7. sat \u2013 Vodi\u010da\u00a0 za uneprje\u0111enje organizacije izvannastavnih aktivnosti u srednjim \u0161kolama i na satu razrednog odjela na podru\u010dju Osijeka<\/a> <a href=\"https:\/\/proni.hr\/old.proni.hr\/wp-content\/uploads\/2020\/05\/Katalog-za-uspje\u0161ne-udruge-PRONI-2020.pdf\">(PDF, 19MB)<\/a><\/h3>\r\n<\/td>\r\n<\/tr>\r\n<\/tbody>\r\n<\/table>\r\n\r\n<h3 class=\"wp-block-heading\"><br \/>\u00a0<\/h3>\r\n","protected":false},"excerpt":{"rendered":"<p>Mladi, kako ste? &#8211; preporuke za ja\u010danje podr\u0161ke mentalnom zdravlju (PDF, 3.31MB) Bonton u krizi (PDF, 7.39MB) Protokol o postupanju u kriznim situacijama (PDF, 6.1MB) Ja sam za dijalog (PDF, 5.9MB) Projekt &#8211; New Opportunities (PDF, 6MB) Projekt &#8211; Ku\u017eim te! (PDF, 9MB) Katalog za uspje\u0161ne udruge &#8211; PRONI &#8211; 2020 (PDF, 12MB) 7. sat [&hellip;]<\/p>\n","protected":false},"author":5,"featured_media":0,"parent":0,"menu_order":0,"comment_status":"closed","ping_status":"closed","template":"","meta":{"footnotes":""},"_links":{"self":[{"href":"https:\/\/proni.hr\/old.proni.hr\/wp-json\/wp\/v2\/pages\/2018"}],"collection":[{"href":"https:\/\/proni.hr\/old.proni.hr\/wp-json\/wp\/v2\/pages"}],"about":[{"href":"https:\/\/proni.hr\/old.proni.hr\/wp-json\/wp\/v2\/types\/page"}],"author":[{"embeddable":true,"href":"https:\/\/proni.hr\/old.proni.hr\/wp-json\/wp\/v2\/users\/5"}],"replies":[{"embeddable":true,"href":"https:\/\/proni.hr\/old.proni.hr\/wp-json\/wp\/v2\/comments?post=2018"}],"version-history":[{"count":27,"href":"https:\/\/proni.hr\/old.proni.hr\/wp-json\/wp\/v2\/pages\/2018\/revisions"}],"predecessor-version":[{"id":10462,"href":"https:\/\/proni.hr\/old.proni.hr\/wp-json\/wp\/v2\/pages\/2018\/revisions\/10462"}],"wp:attachment":[{"href":"https:\/\/proni.hr\/old.proni.hr\/wp-json\/wp\/v2\/media?parent=2018"}],"curies":[{"name":"wp","href":"https:\/\/api.w.org\/{rel}","templated":true}]}}