{"id":23,"date":"2014-12-17T20:12:59","date_gmt":"2014-12-17T20:12:59","guid":{"rendered":"http:\/\/proni.hr\/?page_id=23"},"modified":"2015-02-10T18:05:27","modified_gmt":"2015-02-10T18:05:27","slug":"foto-albumi","status":"publish","type":"page","link":"https:\/\/proni.hr\/old.proni.hr\/foto-albumi\/","title":{"rendered":"Foto albumi"},"content":{"rendered":"<div class=\"fusion-one-third one_third fusion-layout-column fusion-column spacing-yes\"><div class=\"fusion-column-wrapper\"><span class=\"fusion-imageframe imageframe imageframe-none imageframe-1\"><a href=\"https:\/\/proni.hr\/old.proni.hr\/proni-centar-za-seminare-pirovac\" target=\"_self\"> <img decoding=\"async\" alt=\"\" src=\"https:\/\/proni.hr\/old.proni.hr\/wp-content\/uploads\/2014\/12\/kuca.jpg\" class=\"img-responsive\" \/><\/a><\/span>\n<p style=\"text-align: center;\"><a href=\"https:\/\/proni.hr\/old.proni.hr\/proni-centar-za-seminare-pirovac\">PRONI Centar za seminare Pirovac<\/a><\/p>\n<\/div><\/div><div class=\"fusion-one-third one_third fusion-layout-column fusion-column spacing-yes\"><div class=\"fusion-column-wrapper\"><span class=\"fusion-imageframe imageframe imageframe-none imageframe-2\"><a href=\"https:\/\/proni.hr\/old.proni.hr\/otvorenje-icm-osijek-gallery\/\" target=\"_self\"> <img decoding=\"async\" alt=\"\" src=\"https:\/\/proni.hr\/old.proni.hr\/wp-content\/uploads\/2014\/12\/1194184063_img_3395.jpg\" class=\"img-responsive\" \/><\/a><\/span>\n<p style=\"text-align: center;\"><a href=\"https:\/\/proni.hr\/old.proni.hr\/otvorenje-icm-osijek-gallery\/\">Otvorenje ICM Osijek<\/a><\/p>\n<\/div><\/div><div class=\"fusion-one-third one_third fusion-layout-column fusion-column last spacing-yes\"><div class=\"fusion-column-wrapper\"><span class=\"fusion-imageframe imageframe imageframe-none imageframe-3\"><a href=\"https:\/\/proni.hr\/old.proni.hr\/smijesno-europsko-prvenstvo\/\" target=\"_self\"> <img decoding=\"async\" alt=\"\" src=\"https:\/\/proni.hr\/old.proni.hr\/wp-content\/uploads\/2014\/12\/1194265446_img_3173.jpg\" class=\"img-responsive\" \/><\/a><\/span>\n<p style=\"text-align: center;\"><a href=\"https:\/\/proni.hr\/old.proni.hr\/smijesno-europsko-prvenstvo\/\">Smije\u0161no europsko prvenstvo<\/a><\/p>\n<\/div><\/div><div class=\"fusion-clearfix\"><\/div><div class=\"fusion-sep-clear\"><\/div><div class=\"fusion-separator fusion-full-width-sep sep-none\" style=\"border-color:#e0dede;margin-top:20px;\"><\/div><div class=\"fusion-one-third one_third fusion-layout-column fusion-column spacing-yes\"><div class=\"fusion-column-wrapper\"><span class=\"fusion-imageframe imageframe imageframe-none imageframe-4\"><a href=\"https:\/\/proni.hr\/old.proni.hr\/strucno-osposobljavanje\/\" target=\"_self\"> <img decoding=\"async\" alt=\"\" src=\"https:\/\/proni.hr\/old.proni.hr\/wp-content\/uploads\/2015\/02\/1200919496_p1180149.jpg\" class=\"img-responsive\" \/><\/a><\/span>\n<p style=\"text-align: center;\"><a href=\"https:\/\/proni.hr\/old.proni.hr\/strucno-osposobljavanje\/\">Stru\u010dno osposobljavanje<\/a><\/p>\n<\/div><\/div><div class=\"fusion-one-third one_third fusion-layout-column fusion-column spacing-yes\"><div class=\"fusion-column-wrapper\"><span class=\"fusion-imageframe imageframe imageframe-none imageframe-5\"><a href=\"https:\/\/proni.hr\/old.proni.hr\/okrugli-stol\/\" target=\"_self\"> <img decoding=\"async\" alt=\"\" src=\"https:\/\/proni.hr\/old.proni.hr\/wp-content\/uploads\/2015\/02\/1204712734_okrugli-stol-10.jpg\" class=\"img-responsive\" \/><\/a><\/span>\n<p style=\"text-align: center;\"><a href=\"https:\/\/proni.hr\/old.proni.hr\/okrugli-stol\/\">Okrugli stol<\/a><\/p>\n<\/div><\/div><div class=\"fusion-one-third one_third fusion-layout-column fusion-column last spacing-yes\"><div class=\"fusion-column-wrapper\"><span class=\"fusion-imageframe imageframe imageframe-none imageframe-6\"><a href=\"https:\/\/proni.hr\/old.proni.hr\/mala-skola-zivotnih-vjestina\/\" target=\"_self\"> <img decoding=\"async\" alt=\"\" src=\"https:\/\/proni.hr\/old.proni.hr\/wp-content\/uploads\/2015\/02\/1225458063_mala_skola_001.jpg\" class=\"img-responsive\" \/><\/a><\/span>\n<p style=\"text-align: center;\"><a href=\"https:\/\/proni.hr\/old.proni.hr\/mala-skola-zivotnih-vjestina\/\">Mala \u0161kola \u017eivotnih vje\u0161tina<\/a><\/p>\n<\/div><\/div><div class=\"fusion-clearfix\"><\/div>\n","protected":false},"excerpt":{"rendered":"","protected":false},"author":5,"featured_media":0,"parent":0,"menu_order":0,"comment_status":"open","ping_status":"open","template":"","meta":{"footnotes":""},"_links":{"self":[{"href":"https:\/\/proni.hr\/old.proni.hr\/wp-json\/wp\/v2\/pages\/23"}],"collection":[{"href":"https:\/\/proni.hr\/old.proni.hr\/wp-json\/wp\/v2\/pages"}],"about":[{"href":"https:\/\/proni.hr\/old.proni.hr\/wp-json\/wp\/v2\/types\/page"}],"author":[{"embeddable":true,"href":"https:\/\/proni.hr\/old.proni.hr\/wp-json\/wp\/v2\/users\/5"}],"replies":[{"embeddable":true,"href":"https:\/\/proni.hr\/old.proni.hr\/wp-json\/wp\/v2\/comments?post=23"}],"version-history":[{"count":1,"href":"https:\/\/proni.hr\/old.proni.hr\/wp-json\/wp\/v2\/pages\/23\/revisions"}],"predecessor-version":[{"id":6382,"href":"https:\/\/proni.hr\/old.proni.hr\/wp-json\/wp\/v2\/pages\/23\/revisions\/6382"}],"wp:attachment":[{"href":"https:\/\/proni.hr\/old.proni.hr\/wp-json\/wp\/v2\/media?parent=23"}],"curies":[{"name":"wp","href":"https:\/\/api.w.org\/{rel}","templated":true}]}}